{"id":17560,"date":"2023-09-15T21:18:08","date_gmt":"2023-09-15T18:18:08","guid":{"rendered":"https:\/\/demo.responsive.com.tr\/?page_id=17560"},"modified":"2026-03-23T13:30:55","modified_gmt":"2026-03-23T10:30:55","slug":"marasimkaymaklim","status":"publish","type":"page","link":"https:\/\/www.golfdondurma.com.tr\/en\/marasimkaymaklim\/","title":{"rendered":"Golf Mara\u015f\u0131m Kaymakl\u0131m"},"content":{"rendered":"\t\t<div data-elementor-type=\"wp-page\" data-elementor-id=\"17560\" class=\"elementor elementor-17560\">\n\t\t\t\t<div class=\"elementor-element elementor-element-d98ddf4 e-con-full wd-section-stretch e-flex e-con e-parent\" data-id=\"d98ddf4\" data-element_type=\"container\" data-e-type=\"container\">\n\t\t<div class=\"elementor-element elementor-element-39a6d23 e-con-full e-flex e-con e-child\" data-id=\"39a6d23\" data-element_type=\"container\" data-e-type=\"container\">\n\t\t\t\t<div class=\"elementor-element elementor-element-8a9a2cd elementor-widget elementor-widget-wd_image_or_svg\" data-id=\"8a9a2cd\" data-element_type=\"widget\" data-e-type=\"widget\" data-widget_type=\"wd_image_or_svg.default\">\n\t\t\t\t<div class=\"elementor-widget-container\">\n\t\t\t\t\t\n\t\t<div class=\"wd-image text-center\">\n\t\t\t\t\t\t\t\t<img loading=\"lazy\" decoding=\"async\" width=\"1500\" height=\"1000\" src=\"https:\/\/www.golfdondurma.com.tr\/wp-content\/uploads\/2026\/03\/golf_k_ok.png\" class=\"attachment-full size-full\" alt=\"Golf Mara\u015f\u0131m Kaymakl\u0131m Kaymak 500 mL\" srcset=\"https:\/\/www.golfdondurma.com.tr\/wp-content\/uploads\/2026\/03\/golf_k_ok.png 1500w, https:\/\/www.golfdondurma.com.tr\/wp-content\/uploads\/2026\/03\/golf_k_ok-400x267.png 400w, https:\/\/www.golfdondurma.com.tr\/wp-content\/uploads\/2026\/03\/golf_k_ok-1200x800.png 1200w, https:\/\/www.golfdondurma.com.tr\/wp-content\/uploads\/2026\/03\/golf_k_ok-768x512.png 768w, https:\/\/www.golfdondurma.com.tr\/wp-content\/uploads\/2026\/03\/golf_k_ok-18x12.png 18w, https:\/\/www.golfdondurma.com.tr\/wp-content\/uploads\/2026\/03\/golf_k_ok-430x287.png 430w, https:\/\/www.golfdondurma.com.tr\/wp-content\/uploads\/2026\/03\/golf_k_ok-700x467.png 700w, https:\/\/www.golfdondurma.com.tr\/wp-content\/uploads\/2026\/03\/golf_k_ok-150x100.png 150w\" sizes=\"auto, (max-width: 1500px) 100vw, 1500px\" \/>\t\t\t\t\t<\/div>\n\n\t\t\t\t\t\t<\/div>\n\t\t\t\t<\/div>\n\t\t\t\t<\/div>\n\t\t<div class=\"elementor-element elementor-element-a1db3d6 e-con-full e-flex e-con e-child\" data-id=\"a1db3d6\" data-element_type=\"container\" data-e-type=\"container\">\n\t\t\t\t<div class=\"elementor-element elementor-element-ea49bfe wd-width-100 elementor-widget elementor-widget-wd_title\" data-id=\"ea49bfe\" data-element_type=\"widget\" data-e-type=\"widget\" data-widget_type=\"wd_title.default\">\n\t\t\t\t<div class=\"elementor-widget-container\">\n\t\t\t\t\t\t\t<div class=\"title-wrapper wd-set-mb reset-last-child wd-title-color-primary wd-title-style-simple wd-title-size-extra-large text-left\">\n\n\t\t\t\n\t\t\t<div class=\"liner-continer\">\n\t\t\t\t<h4 class=\"woodmart-title-container title wd-fontsize-xxxl\">Golf Mara\u015f\u0131m Kaymakl\u0131m Kaymak 500 mL<\/h4> \n\t\t\t\t\t\t\t<\/div>\n\n\t\t\t\t\t\t\t<div class=\"title-after_title reset-last-child wd-fontsize-s\">\n\t\t\t\t\t<p>Golf Mara\u015f\u0131m Kaymakl\u0131m Kaymak, kaymak lezzetini p\u00fcr\u00fczs\u00fcz dokusuyla \u00f6ne \u00e7\u0131kar\u0131r. Mara\u015f dondurmas\u0131na \u00f6zg\u00fc uzayan yap\u0131s\u0131 sayesinde her ka\u015f\u0131kta keyifli bir deneyim sunar.<\/p>\t\t\t\t<\/div>\n\t\t\t\t\t<\/div>\n\t\t\t\t\t\t<\/div>\n\t\t\t\t<\/div>\n\t\t\t\t<div class=\"elementor-element elementor-element-a31cbfb elementor-widget elementor-widget-elementskit-accordion\" data-id=\"a31cbfb\" data-element_type=\"widget\" data-e-type=\"widget\" data-widget_type=\"elementskit-accordion.default\">\n\t\t\t\t\t<div class=\"ekit-wid-con\" >\n        <div class=\"elementskit-accordion accoedion-primary\" id=\"accordion-69ff5c23eb098\">\n\n            \n                <div class=\"elementskit-card \">\n                    <div class=\"elementskit-card-header\" id=\"primaryHeading-0-a31cbfb\">\n                        <a href=\"#collapse-b7eb31969ff5c23eb098\" class=\"ekit-accordion--toggler elementskit-btn-link collapsed\" data-ekit-toggle=\"collapse\" data-target=\"#Collapse-b7eb31969ff5c23eb098\" aria-expanded=\"false\" aria-controls=\"Collapse-b7eb31969ff5c23eb098\">\n                            \n                            <span class=\"ekit-accordion-title\">\u0130\u00e7indekiler<\/span>\n\n                            \n                                <div class=\"ekit_accordion_icon_group\">\n                                    <div class=\"ekit_accordion_normal_icon\">\n                                        <!-- Normal Icon -->\n\t\t\t\t\t\t\t\t\t\t<i class=\"icon icon-down-arrow1\"><\/i>                                    <\/div>\n\n                                    <div class=\"ekit_accordion_active_icon\">\n                                        <!-- Active Icon -->\n\t\t\t\t\t\t\t\t\t\t<i class=\"icon icon-up-arrow\"><\/i>                                    <\/div>\n                                <\/div>\n\n                            \n                                                    <\/a>\n                    <\/div>\n\n                    <div id=\"Collapse-b7eb31969ff5c23eb098\" class=\" collapse\" aria-labelledby=\"primaryHeading-0-a31cbfb\" data-parent=\"#accordion-69ff5c23eb098\">\n\n                        <div class=\"elementskit-card-body ekit-accordion--content\">\n                            <p>Kaymakl\u0131 yar\u0131m ya\u011fl\u0131 dondurma (%99) (s\u00fct ya\u011f\u0131 %6,9) [inek s\u00fct\u00fc, \u015feker, su, kaymak (s\u00fct \u00fcr\u00fcn\u00fc) (%8), ya\u011fs\u0131z s\u00fct tozu, ke\u00e7i s\u00fct\u00fc, salep, maltodekstrin, stabiliz\u00f6rler (guar gam, sodyum aljinat, karragenan, ke\u00e7iboynuzu gam\u0131, sodyum karboksi metil sel\u00fcloz), em\u00fclgat\u00f6r (ya\u011f asitlerinin mono- ve digliseritleri)], Antep f\u0131st\u0131\u011f\u0131 par\u00e7alar\u0131 (%1).<\/p><p><strong>Alerjen uyar\u0131s\u0131:<\/strong> S\u00fct ve Antep f\u0131st\u0131\u011f\u0131 i\u00e7erir. Eser miktarda yer f\u0131st\u0131\u011f\u0131, f\u0131nd\u0131k, ceviz, badem, di\u011fer sert kabuklu meyveler, soya, gluten ve yumurta i\u00e7erebilir.<\/p><p><strong>Saklama ko\u015fullar\u0131:<\/strong> -18\u00b0C\u2019de muhafaza edilmelidir. \u00c7\u00f6z\u00fcld\u00fckten sonra tekrar dondurmay\u0131n\u0131z.<\/p><p><strong>Bilgilendirme:<\/strong> Tavsiye edilen t\u00fcketim tarihi (TETT) ve parti numaras\u0131 (L) ambalaj \u00fczerinde yer almaktad\u0131r. \u00dcr\u00fcnlerimizde domuz ya\u011f\u0131 ve domuzdan elde edilen hi\u00e7bir katk\u0131 maddesi bulunmamaktad\u0131r.<\/p>                        <\/div>\n\n                    <\/div>\n\n                <\/div><!-- .elementskit-card END -->\n\n                \n                <div class=\"elementskit-card \">\n                    <div class=\"elementskit-card-header\" id=\"primaryHeading-1-a31cbfb\">\n                        <a href=\"#collapse-71ae6ce69ff5c23eb098\" class=\"ekit-accordion--toggler elementskit-btn-link collapsed\" data-ekit-toggle=\"collapse\" data-target=\"#Collapse-71ae6ce69ff5c23eb098\" aria-expanded=\"false\" aria-controls=\"Collapse-71ae6ce69ff5c23eb098\">\n                            \n                            <span class=\"ekit-accordion-title\"> Enerji ve Besin \u00d6\u011feleri<\/span>\n\n                            \n                                <div class=\"ekit_accordion_icon_group\">\n                                    <div class=\"ekit_accordion_normal_icon\">\n                                        <!-- Normal Icon -->\n\t\t\t\t\t\t\t\t\t\t<i class=\"icon icon-down-arrow1\"><\/i>                                    <\/div>\n\n                                    <div class=\"ekit_accordion_active_icon\">\n                                        <!-- Active Icon -->\n\t\t\t\t\t\t\t\t\t\t<i class=\"icon icon-up-arrow\"><\/i>                                    <\/div>\n                                <\/div>\n\n                            \n                                                    <\/a>\n                    <\/div>\n\n                    <div id=\"Collapse-71ae6ce69ff5c23eb098\" class=\" collapse\" aria-labelledby=\"primaryHeading-1-a31cbfb\" data-parent=\"#accordion-69ff5c23eb098\">\n\n                        <div class=\"elementskit-card-body ekit-accordion--content\">\n                            <table><tbody><tr><td colspan=\"5\">Enerji ve Besin \u00d6\u011feleri<\/td><td colspan=\"2\">100 g i\u00e7in<\/td><td colspan=\"2\">\u00a01 Porsiyon (60 g) i\u00e7in<\/td><td colspan=\"3\">1 Porsiyon (60 g) i\u00e7in RA*<\/td><\/tr><tr><td colspan=\"5\">Enerji (kJ\/kcal)<\/td><td colspan=\"2\">779\/186<\/td><td colspan=\"2\">477\/114<\/td><td colspan=\"3\">%6<\/td><\/tr><tr><td colspan=\"5\">Ya\u011f (g)<\/td><td colspan=\"2\">8<\/td><td colspan=\"2\">4,8<\/td><td colspan=\"3\">%7<\/td><\/tr><tr><td colspan=\"5\">\u00a0- Doymu\u015f ya\u011f (g)<\/td><td colspan=\"2\">4,3<\/td><td colspan=\"2\">2,6<\/td><td colspan=\"3\">%13<\/td><\/tr><tr><td colspan=\"5\">Karbonhidrat (g)<\/td><td colspan=\"2\">24<\/td><td colspan=\"2\">15<\/td><td colspan=\"3\">%6<\/td><\/tr><tr><td colspan=\"5\">\u00a0- \u015eekerler (g)<\/td><td colspan=\"2\">23<\/td><td colspan=\"2\">14<\/td><td colspan=\"3\">%16<\/td><\/tr><tr><td colspan=\"5\">Protein (g)<\/td><td colspan=\"2\">4,4<\/td><td colspan=\"2\">2,6<\/td><td colspan=\"3\">%5<\/td><\/tr><tr><td colspan=\"5\">Tuz (g)<\/td><td colspan=\"2\">0,1<\/td><td colspan=\"2\">0,06<\/td><td colspan=\"3\">%1<\/td><\/tr><tr><td colspan=\"12\">*De\u011ferler ortalama bir yeti\u015fkinin Referans Al\u0131m D\u00fczeyini belirtir (8400 kJ\/2000 kcal)<br \/>\u00a06 porsiyondur.<\/td><\/tr><\/tbody><\/table>                        <\/div>\n\n                    <\/div>\n\n                <\/div><!-- .elementskit-card END -->\n\n                                        <\/div>\n    <\/div>\t\t\t\t<\/div>\n\t\t\t\t<\/div>\n\t\t\t\t<\/div>\n\t\t<div class=\"elementor-element elementor-element-33419a9 e-con-full wd-section-stretch e-flex e-con e-parent\" data-id=\"33419a9\" data-element_type=\"container\" data-e-type=\"container\">\n\t\t<div class=\"elementor-element elementor-element-7a43286 e-con-full e-flex e-con e-child\" data-id=\"7a43286\" data-element_type=\"container\" data-e-type=\"container\">\n\t\t\t\t<div class=\"elementor-element elementor-element-8c8f658 elementor-widget elementor-widget-wd_image_or_svg\" data-id=\"8c8f658\" data-element_type=\"widget\" data-e-type=\"widget\" data-widget_type=\"wd_image_or_svg.default\">\n\t\t\t\t<div class=\"elementor-widget-container\">\n\t\t\t\t\t\n\t\t<div class=\"wd-image text-center\">\n\t\t\t\t\t\t\t\t<img loading=\"lazy\" decoding=\"async\" width=\"1500\" height=\"1000\" src=\"https:\/\/www.golfdondurma.com.tr\/wp-content\/uploads\/2026\/03\/golf_kk_ok.png\" class=\"attachment-full size-full\" alt=\"Golf Mara\u015f\u0131m Kaymakl\u0131m Kakao-Kaymak 500 mL\" srcset=\"https:\/\/www.golfdondurma.com.tr\/wp-content\/uploads\/2026\/03\/golf_kk_ok.png 1500w, https:\/\/www.golfdondurma.com.tr\/wp-content\/uploads\/2026\/03\/golf_kk_ok-400x267.png 400w, https:\/\/www.golfdondurma.com.tr\/wp-content\/uploads\/2026\/03\/golf_kk_ok-1200x800.png 1200w, https:\/\/www.golfdondurma.com.tr\/wp-content\/uploads\/2026\/03\/golf_kk_ok-768x512.png 768w, https:\/\/www.golfdondurma.com.tr\/wp-content\/uploads\/2026\/03\/golf_kk_ok-18x12.png 18w, https:\/\/www.golfdondurma.com.tr\/wp-content\/uploads\/2026\/03\/golf_kk_ok-430x287.png 430w, https:\/\/www.golfdondurma.com.tr\/wp-content\/uploads\/2026\/03\/golf_kk_ok-700x467.png 700w, https:\/\/www.golfdondurma.com.tr\/wp-content\/uploads\/2026\/03\/golf_kk_ok-150x100.png 150w\" sizes=\"auto, (max-width: 1500px) 100vw, 1500px\" \/>\t\t\t\t\t<\/div>\n\n\t\t\t\t\t\t<\/div>\n\t\t\t\t<\/div>\n\t\t\t\t<\/div>\n\t\t<div class=\"elementor-element elementor-element-391f31d e-con-full e-flex e-con e-child\" data-id=\"391f31d\" data-element_type=\"container\" data-e-type=\"container\">\n\t\t\t\t<div class=\"elementor-element elementor-element-73dcdf8 wd-width-100 elementor-widget elementor-widget-wd_title\" data-id=\"73dcdf8\" data-element_type=\"widget\" data-e-type=\"widget\" data-widget_type=\"wd_title.default\">\n\t\t\t\t<div class=\"elementor-widget-container\">\n\t\t\t\t\t\t\t<div class=\"title-wrapper wd-set-mb reset-last-child wd-title-color-primary wd-title-style-simple wd-title-size-extra-large text-left\">\n\n\t\t\t\n\t\t\t<div class=\"liner-continer\">\n\t\t\t\t<h4 class=\"woodmart-title-container title wd-fontsize-xxxl\">Golf Mara\u015f\u0131m Kaymakl\u0131m Kakao-Kaymak 500 mL<\/h4> \n\t\t\t\t\t\t\t<\/div>\n\n\t\t\t\t\t\t\t<div class=\"title-after_title reset-last-child wd-fontsize-s\">\n\t\t\t\t\tGolf Mara\u015f\u0131m Kaymakl\u0131m Kakao\u2013Kaymak, kaymak lezzetini kakao ile bulu\u015fturarak zengin bir tat sunar. Uzayan yap\u0131s\u0131 ve top dolum formuyla her servis an\u0131na i\u015ftah a\u00e7\u0131c\u0131 bir dokunu\u015f katar.\t\t\t\t<\/div>\n\t\t\t\t\t<\/div>\n\t\t\t\t\t\t<\/div>\n\t\t\t\t<\/div>\n\t\t\t\t<div class=\"elementor-element elementor-element-d8a7bab elementor-widget elementor-widget-elementskit-accordion\" data-id=\"d8a7bab\" data-element_type=\"widget\" data-e-type=\"widget\" data-widget_type=\"elementskit-accordion.default\">\n\t\t\t\t\t<div class=\"ekit-wid-con\" >\n        <div class=\"elementskit-accordion accoedion-primary\" id=\"accordion-69ff5c23ec3a3\">\n\n            \n                <div class=\"elementskit-card \">\n                    <div class=\"elementskit-card-header\" id=\"primaryHeading-0-d8a7bab\">\n                        <a href=\"#collapse-b7eb31969ff5c23ec3a3\" class=\"ekit-accordion--toggler elementskit-btn-link collapsed\" data-ekit-toggle=\"collapse\" data-target=\"#Collapse-b7eb31969ff5c23ec3a3\" aria-expanded=\"false\" aria-controls=\"Collapse-b7eb31969ff5c23ec3a3\">\n                            \n                            <span class=\"ekit-accordion-title\">\u0130\u00e7indekiler<\/span>\n\n                            \n                                <div class=\"ekit_accordion_icon_group\">\n                                    <div class=\"ekit_accordion_normal_icon\">\n                                        <!-- Normal Icon -->\n\t\t\t\t\t\t\t\t\t\t<i class=\"icon icon-down-arrow1\"><\/i>                                    <\/div>\n\n                                    <div class=\"ekit_accordion_active_icon\">\n                                        <!-- Active Icon -->\n\t\t\t\t\t\t\t\t\t\t<i class=\"icon icon-up-arrow\"><\/i>                                    <\/div>\n                                <\/div>\n\n                            \n                                                    <\/a>\n                    <\/div>\n\n                    <div id=\"Collapse-b7eb31969ff5c23ec3a3\" class=\" collapse\" aria-labelledby=\"primaryHeading-0-d8a7bab\" data-parent=\"#accordion-69ff5c23ec3a3\">\n\n                        <div class=\"elementskit-card-body ekit-accordion--content\">\n                            <p>Kakaolu yar\u0131m ya\u011fl\u0131 dondurma (%50) (s\u00fct ya\u011f\u0131 %3,9) [inek s\u00fct\u00fc, \u015feker, kakao tozu (%7), ya\u011fs\u0131z s\u00fct tozu, glukoz \u015furubu, kaymak (s\u00fct \u00fcr\u00fcn\u00fc), salep, maltodekstrin, stabiliz\u00f6rler (guar gam, sodyum aljinat, karragenan, ke\u00e7iboynuzu gam\u0131, sodyum karboksi metil sel\u00fcloz), em\u00fclgat\u00f6r (ya\u011f asitlerinin mono- ve digliseritleri)], kaymakl\u0131 yar\u0131m ya\u011fl\u0131 dondurma (%49) (s\u00fct ya\u011f\u0131 %6,9) [inek s\u00fct\u00fc, \u015feker, su, kaymak (s\u00fct \u00fcr\u00fcn\u00fc) (%8), ya\u011fs\u0131z s\u00fct tozu, ke\u00e7i s\u00fct\u00fc, salep, maltodekstrin, stabiliz\u00f6rler (guar gam, sodyum aljinat, karragenan, ke\u00e7iboynuzu gam\u0131, sodyum karboksi metil sel\u00fcloz), em\u00fclgat\u00f6r (ya\u011f asitlerinin mono- ve digliseritleri)], Antep f\u0131st\u0131\u011f\u0131 par\u00e7alar\u0131 (%1).<\/p><p><strong>Alerjen uyar\u0131s\u0131:<\/strong> S\u00fct ve Antep f\u0131st\u0131\u011f\u0131 i\u00e7erir. Eser miktarda yer f\u0131st\u0131\u011f\u0131, f\u0131nd\u0131k, ceviz, badem, di\u011fer sert kabuklu meyveler, soya, gluten ve yumurta i\u00e7erebilir.<\/p><p><strong>Saklama ko\u015fullar\u0131:<\/strong> -18\u00b0C\u2019de muhafaza edilmelidir. \u00c7\u00f6z\u00fcld\u00fckten sonra tekrar dondurmay\u0131n\u0131z.<\/p><p><strong>Bilgilendirme:<\/strong> Tavsiye edilen t\u00fcketim tarihi (TETT) ve parti numaras\u0131 (L) ambalaj \u00fczerinde yer almaktad\u0131r. \u00dcr\u00fcnlerimizde domuz ya\u011f\u0131 ve domuzdan elde edilen hi\u00e7bir katk\u0131 maddesi bulunmamaktad\u0131r.<\/p>                        <\/div>\n\n                    <\/div>\n\n                <\/div><!-- .elementskit-card END -->\n\n                \n                <div class=\"elementskit-card \">\n                    <div class=\"elementskit-card-header\" id=\"primaryHeading-1-d8a7bab\">\n                        <a href=\"#collapse-71ae6ce69ff5c23ec3a3\" class=\"ekit-accordion--toggler elementskit-btn-link collapsed\" data-ekit-toggle=\"collapse\" data-target=\"#Collapse-71ae6ce69ff5c23ec3a3\" aria-expanded=\"false\" aria-controls=\"Collapse-71ae6ce69ff5c23ec3a3\">\n                            \n                            <span class=\"ekit-accordion-title\"> Enerji ve Besin \u00d6\u011feleri<\/span>\n\n                            \n                                <div class=\"ekit_accordion_icon_group\">\n                                    <div class=\"ekit_accordion_normal_icon\">\n                                        <!-- Normal Icon -->\n\t\t\t\t\t\t\t\t\t\t<i class=\"icon icon-down-arrow1\"><\/i>                                    <\/div>\n\n                                    <div class=\"ekit_accordion_active_icon\">\n                                        <!-- Active Icon -->\n\t\t\t\t\t\t\t\t\t\t<i class=\"icon icon-up-arrow\"><\/i>                                    <\/div>\n                                <\/div>\n\n                            \n                                                    <\/a>\n                    <\/div>\n\n                    <div id=\"Collapse-71ae6ce69ff5c23ec3a3\" class=\" collapse\" aria-labelledby=\"primaryHeading-1-d8a7bab\" data-parent=\"#accordion-69ff5c23ec3a3\">\n\n                        <div class=\"elementskit-card-body ekit-accordion--content\">\n                            <table><tbody><tr><td colspan=\"5\">EnerB35:M43<\/td><td colspan=\"2\">100 g i\u00e7in<\/td><td colspan=\"2\">\u00a01 Porsiyon (60 g) i\u00e7in<\/td><td colspan=\"3\">1 Porsiyon (60 g) i\u00e7in RA*<\/td><\/tr><tr><td colspan=\"5\">Enerji (kJ\/kcal)<\/td><td colspan=\"2\">406\/96<\/td><td colspan=\"2\">242\/57<\/td><td colspan=\"3\">%3<\/td><\/tr><tr><td colspan=\"5\">Ya\u011f (g)<\/td><td colspan=\"2\">3,2<\/td><td colspan=\"2\">1,9<\/td><td colspan=\"3\">%3<\/td><\/tr><tr><td colspan=\"5\">\u00a0- Doymu\u015f ya\u011f (g)<\/td><td colspan=\"2\">1,5<\/td><td colspan=\"2\">0,9<\/td><td colspan=\"3\">%5<\/td><\/tr><tr><td colspan=\"5\">Karbonhidrat (g)<\/td><td colspan=\"2\">14<\/td><td colspan=\"2\">8,4<\/td><td colspan=\"3\">%3<\/td><\/tr><tr><td colspan=\"5\">\u00a0- \u015eekerler (g)<\/td><td colspan=\"2\">14<\/td><td colspan=\"2\">8,4<\/td><td colspan=\"3\">%9<\/td><\/tr><tr><td colspan=\"5\">Protein (g)<\/td><td colspan=\"2\">2,9<\/td><td colspan=\"2\">1,7<\/td><td colspan=\"3\">%3<\/td><\/tr><tr><td colspan=\"5\">Tuz (g)<\/td><td colspan=\"2\">0,1<\/td><td colspan=\"2\">0,06<\/td><td colspan=\"3\">%1<\/td><\/tr><tr><td colspan=\"12\">*De\u011ferler ortalama bir yeti\u015fkinin Referans Al\u0131m D\u00fczeyini belirtir (8400 kJ\/2000 kcal)<br \/>\u00a06 porsiyondur.<\/td><\/tr><\/tbody><\/table>                        <\/div>\n\n                    <\/div>\n\n                <\/div><!-- .elementskit-card END -->\n\n                                        <\/div>\n    <\/div>\t\t\t\t<\/div>\n\t\t\t\t<\/div>\n\t\t\t\t<\/div>\n\t\t<div class=\"elementor-element elementor-element-a256e50 wd-section-stretch e-flex e-con-boxed e-con e-parent\" data-id=\"a256e50\" data-element_type=\"container\" data-e-type=\"container\" data-settings=\"{&quot;background_background&quot;:&quot;classic&quot;}\">\n\t\t\t\t\t<div class=\"e-con-inner\">\n\t\t\t\t<div class=\"elementor-element elementor-element-469e7c2 wd-width-100 elementor-widget elementor-widget-wd_title\" data-id=\"469e7c2\" data-element_type=\"widget\" data-e-type=\"widget\" data-widget_type=\"wd_title.default\">\n\t\t\t\t<div class=\"elementor-widget-container\">\n\t\t\t\t\t\t\t<div class=\"title-wrapper wd-set-mb reset-last-child wd-title-color-default wd-title-style-simple wd-title-size-default text-center\">\n\n\t\t\t\t\t\t\t\t\t\t\t<div class=\"title-subtitle subtitle-color-default subtitle-style-default wd-fontsize-xs\">\n\t\t\t\t\tGolf Mara\u015f\u0131m Kaymakl\u0131m\t\t\t\t<\/div>\n\t\t\t\n\t\t\t<div class=\"liner-continer\">\n\t\t\t\t<h4 class=\"woodmart-title-container title wd-fontsize-l\">\u0130\u00e7indekiler<\/h4> \n\t\t\t\t\t\t\t<\/div>\n\n\t\t\t\t\t\t\t<div class=\"title-after_title reset-last-child wd-fontsize-xs\">\n\t\t\t\t\t<p>Kaymak, s\u00fct ya\u011f\u0131, salep, inek s\u00fct\u00fc, ke\u00e7i s\u00fct\u00fc<\/p>\t\t\t\t<\/div>\n\t\t\t\t\t<\/div>\n\t\t\t\t\t\t<\/div>\n\t\t\t\t<\/div>\n\t\t\t\t\t<\/div>\n\t\t\t\t<\/div>\n\t\t\t\t<\/div>\n\t\t","protected":false},"excerpt":{"rendered":"<p>Golf Mara\u015f\u0131m Kaymakl\u0131m Kaymak 500 mL Golf Mara\u015f\u0131m Kaymakl\u0131m Kaymak, kaymak lezzetini p\u00fcr\u00fczs\u00fcz dokusuyla \u00f6ne \u00e7\u0131kar\u0131r. Mara\u015f dondurmas\u0131na \u00f6zg\u00fc uzayan<\/p>","protected":false},"author":1,"featured_media":0,"parent":0,"menu_order":0,"comment_status":"closed","ping_status":"closed","template":"","meta":{"footnotes":""},"class_list":["post-17560","page","type-page","status-publish","hentry"],"_links":{"self":[{"href":"https:\/\/www.golfdondurma.com.tr\/en\/wp-json\/wp\/v2\/pages\/17560","targetHints":{"allow":["GET"]}}],"collection":[{"href":"https:\/\/www.golfdondurma.com.tr\/en\/wp-json\/wp\/v2\/pages"}],"about":[{"href":"https:\/\/www.golfdondurma.com.tr\/en\/wp-json\/wp\/v2\/types\/page"}],"author":[{"embeddable":true,"href":"https:\/\/www.golfdondurma.com.tr\/en\/wp-json\/wp\/v2\/users\/1"}],"replies":[{"embeddable":true,"href":"https:\/\/www.golfdondurma.com.tr\/en\/wp-json\/wp\/v2\/comments?post=17560"}],"version-history":[{"count":0,"href":"https:\/\/www.golfdondurma.com.tr\/en\/wp-json\/wp\/v2\/pages\/17560\/revisions"}],"wp:attachment":[{"href":"https:\/\/www.golfdondurma.com.tr\/en\/wp-json\/wp\/v2\/media?parent=17560"}],"curies":[{"name":"wp","href":"https:\/\/api.w.org\/{rel}","templated":true}]}}