{"id":17936,"date":"2023-09-21T09:21:59","date_gmt":"2023-09-21T06:21:59","guid":{"rendered":"https:\/\/demo.responsive.com.tr\/?page_id=17936"},"modified":"2025-03-27T11:20:19","modified_gmt":"2025-03-27T08:20:19","slug":"fsek","status":"publish","type":"page","link":"https:\/\/www.golfdondurma.com.tr\/en\/fsek\/","title":{"rendered":"Information about FSEK (Law on Intellectual and Artistic Works)"},"content":{"rendered":"<div data-elementor-type=\"wp-page\" data-elementor-id=\"17936\" class=\"elementor elementor-17936\">\n\t\t\t\t\t\t<section class=\"elementor-section elementor-top-section elementor-element elementor-element-41e28c32 elementor-section-full_width wd-section-stretch elementor-section-height-default elementor-section-height-default\" data-id=\"41e28c32\" data-element_type=\"section\" data-e-type=\"section\">\n\t\t\t\t\t\t<div class=\"elementor-container elementor-column-gap-default\">\n\t\t\t\t\t<div class=\"elementor-column elementor-col-50 elementor-top-column elementor-element elementor-element-3491f29 wd-elementor-sticky-column wd_sticky_offset_100\" data-id=\"3491f29\" data-element_type=\"column\" data-e-type=\"column\">\n\t\t\t<div class=\"elementor-widget-wrap elementor-element-populated\">\n\t\t\t\t\t\t<div class=\"elementor-element elementor-element-1c29cbb elementor-widget elementor-widget-wd_mega_menu\" data-id=\"1c29cbb\" data-element_type=\"widget\" data-e-type=\"widget\" data-widget_type=\"wd_mega_menu.default\">\n\t\t\t\t<div class=\"elementor-widget-container\">\n\t\t\t\t\t\t\t<div class=\"wd-menu widget_nav_mega_menu wd-nav-wrapper\">\n\t\t\t\t\t\t\t<h5 class=\"widget-title color-scheme-\">\n\t\t\t\t\tINSTITUTIONAL\t\t\t\t<\/h5>\n\t\t\t\t\t\t<ul id=\"menu-kurumsal\" class=\"menu wd-nav wd-nav-vertical wd-design-default\"><li id=\"menu-item-16659\" class=\"menu-item menu-item-type-post_type menu-item-object-page menu-item-16659 item-level-0 menu-simple-dropdown wd-event-hover\" ><a href=\"https:\/\/www.golfdondurma.com.tr\/en\/about-us\/\" class=\"woodmart-nav-link\"><span class=\"nav-link-text\">About Us<\/span><\/a><\/li>\n<li id=\"menu-item-16658\" class=\"menu-item menu-item-type-post_type menu-item-object-page menu-item-16658 item-level-0 menu-simple-dropdown wd-event-hover\" ><a href=\"https:\/\/www.golfdondurma.com.tr\/en\/cookie-policy-3\/\" class=\"woodmart-nav-link\"><span class=\"nav-link-text\">Cookie Policy<\/span><\/a><\/li>\n<li id=\"menu-item-16673\" class=\"menu-item menu-item-type-post_type menu-item-object-page menu-item-privacy-policy menu-item-16673 item-level-0 menu-simple-dropdown wd-event-hover\" ><a href=\"https:\/\/www.golfdondurma.com.tr\/en\/kvkk-personal-data-protection-law-information-text\/\" class=\"woodmart-nav-link\"><span class=\"nav-link-text\">Personal Data Protection Law (KVKK) Information Text<\/span><\/a><\/li>\n<li id=\"menu-item-16680\" class=\"menu-item menu-item-type-post_type menu-item-object-page menu-item-16680 item-level-0 menu-simple-dropdown wd-event-hover\" ><a href=\"https:\/\/www.golfdondurma.com.tr\/en\/personal-data-protection-and-processing-policy-4\/\" class=\"woodmart-nav-link\"><span class=\"nav-link-text\">Personal Data Protection and Processing Policy<\/span><\/a><\/li>\n<li id=\"menu-item-19621\" class=\"menu-item menu-item-type-post_type menu-item-object-page menu-item-19621 item-level-0 menu-simple-dropdown wd-event-hover\" ><a href=\"https:\/\/www.golfdondurma.com.tr\/en\/information-society-services\/\" class=\"woodmart-nav-link\"><span class=\"nav-link-text\">Information Society Services<\/span><\/a><\/li>\n<li id=\"menu-item-17943\" class=\"menu-item menu-item-type-post_type menu-item-object-page menu-item-17943 item-level-0 menu-simple-dropdown wd-event-hover\" ><a href=\"https:\/\/www.golfdondurma.com.tr\/en\/fsek\/\" class=\"woodmart-nav-link\"><span class=\"nav-link-text\">FSEK<\/span><\/a><\/li>\n<li id=\"menu-item-16660\" class=\"menu-item menu-item-type-post_type menu-item-object-page menu-item-16660 item-level-0 menu-simple-dropdown wd-event-hover\" ><a href=\"https:\/\/www.golfdondurma.com.tr\/en\/contact-us\/\" class=\"woodmart-nav-link\"><span class=\"nav-link-text\">Contact Us<\/span><\/a><\/li>\n<\/ul>\t\t<\/div>\n\t\t\t\t\t\t<\/div>\n\t\t\t\t<\/div>\n\t\t\t\t\t<\/div>\n\t\t<\/div>\n\t\t\t\t<div class=\"elementor-column elementor-col-50 elementor-top-column elementor-element elementor-element-223036af\" data-id=\"223036af\" data-element_type=\"column\" data-e-type=\"column\">\n\t\t\t<div class=\"elementor-widget-wrap elementor-element-populated\">\n\t\t\t\t\t\t<div class=\"elementor-element elementor-element-2a9c68ae elementor-position-inline-start elementor-view-default elementor-mobile-position-block-start elementor-widget elementor-widget-icon-box\" data-id=\"2a9c68ae\" data-element_type=\"widget\" data-e-type=\"widget\" data-widget_type=\"icon-box.default\">\n\t\t\t\t\t\t\t<div class=\"elementor-icon-box-wrapper\">\n\n\t\t\t\t\t\t<div class=\"elementor-icon-box-icon\">\n\t\t\t\t<span  class=\"elementor-icon\">\n\t\t\t\t<i aria-hidden=\"true\" class=\"icon icon-user-registration\"><\/i>\t\t\t\t<\/span>\n\t\t\t<\/div>\n\t\t\t\n\t\t\t\t\t\t<div class=\"elementor-icon-box-content\">\n\n\t\t\t\t\t\t\t\t\t<h3 class=\"elementor-icon-box-title\">\n\t\t\t\t\t\t<span  >\n\t\t\t\t\t\t\tLEGAL STATEMENT\t\t\t\t\t\t<\/span>\n\t\t\t\t\t<\/h3>\n\t\t\t\t\n\t\t\t\t\t\t\t\t\t<p class=\"elementor-icon-box-description\">\n\t\t\t\t\t\tCopyright 2023 NATURA GIDA SAN.T\u0130C.A.\u015e.\t\t\t\t\t<\/p>\n\t\t\t\t\n\t\t\t<\/div>\n\t\t\t\n\t\t<\/div>\n\t\t\t\t\t\t<\/div>\n\t\t\t\t<div class=\"elementor-element elementor-element-40229e58 color-scheme-inherit text-left elementor-widget elementor-widget-text-editor\" data-id=\"40229e58\" data-element_type=\"widget\" data-e-type=\"widget\" data-widget_type=\"text-editor.default\">\n\t\t\t\t\t\t\t\t\t<p><\/p><p><a href=\"https:\/\/www.golfdondurma.com.tr\/en\/\">https:\/\/www.golfdondurma.com.tr\/<\/a> All texts, images, graphics, etc. on this website are subject to copyright and intellectual property protection laws, including Law No. 5846 on Intellectual and Artistic Works and other relevant legal regulations. They may not be copied, modified, or used on another website for commercial purposes or reuse.<\/p><h1 class=\"wp-block-heading\">Disclaimer<\/h1><p>This website has been created with the utmost care. However, no responsibility can be accepted for the accuracy and completeness of the information contained on this website. Unless there is intent or negligence, no liability can be accepted for direct or indirect damages arising from the use of this website.<\/p><p>NATURA GIDA SAN.T\u0130C.A.\u015e. does not claim any ownership rights to third-party links and the content of linked websites. NATURA GIDA SAN.T\u0130C.A.\u015e. therefore... <a href=\"https:\/\/www.golfdondurma.com.tr\/en\/\">https:\/\/www.golfdondurma.com.tr\/<\/a> The site accepts no responsibility for the content of websites linked to it.<\/p><p>Please feel free to contact us with any questions or suggestions.<\/p><p>Email: info@golfdondurma.com.tr<\/p><p><\/p>\t\t\t\t\t\t\t\t<\/div>\n\t\t\t\t\t<\/div>\n\t\t<\/div>\n\t\t\t\t\t<\/div>\n\t\t<\/section>\n\t\t\t\t<\/div>","protected":false},"excerpt":{"rendered":"<p>CORPORATE About Us Cookie Policy GDPR Information Text Personal Data Protection and Processing Policy Information Society Services FSEK Contact LEGAL STATEMENT<\/p>","protected":false},"author":1,"featured_media":0,"parent":0,"menu_order":0,"comment_status":"closed","ping_status":"closed","template":"","meta":{"footnotes":""},"class_list":["post-17936","page","type-page","status-publish","hentry"],"_links":{"self":[{"href":"https:\/\/www.golfdondurma.com.tr\/en\/wp-json\/wp\/v2\/pages\/17936","targetHints":{"allow":["GET"]}}],"collection":[{"href":"https:\/\/www.golfdondurma.com.tr\/en\/wp-json\/wp\/v2\/pages"}],"about":[{"href":"https:\/\/www.golfdondurma.com.tr\/en\/wp-json\/wp\/v2\/types\/page"}],"author":[{"embeddable":true,"href":"https:\/\/www.golfdondurma.com.tr\/en\/wp-json\/wp\/v2\/users\/1"}],"replies":[{"embeddable":true,"href":"https:\/\/www.golfdondurma.com.tr\/en\/wp-json\/wp\/v2\/comments?post=17936"}],"version-history":[{"count":0,"href":"https:\/\/www.golfdondurma.com.tr\/en\/wp-json\/wp\/v2\/pages\/17936\/revisions"}],"wp:attachment":[{"href":"https:\/\/www.golfdondurma.com.tr\/en\/wp-json\/wp\/v2\/media?parent=17936"}],"curies":[{"name":"wp","href":"https:\/\/api.w.org\/{rel}","templated":true}]}}