{"id":28193,"date":"2025-02-05T23:35:57","date_gmt":"2025-02-05T20:35:57","guid":{"rendered":"https:\/\/www.golfdondurma.com.tr\/?page_id=28193"},"modified":"2025-08-13T22:17:52","modified_gmt":"2025-08-13T19:17:52","slug":"golf-ice-jelly","status":"publish","type":"page","link":"https:\/\/www.golfdondurma.com.tr\/en\/golf-ice-jelly\/","title":{"rendered":"Golf Ice Jelly"},"content":{"rendered":"<div data-elementor-type=\"wp-page\" data-elementor-id=\"28193\" class=\"elementor elementor-28193\">\n\t\t\t\t\t\t<section class=\"elementor-section elementor-top-section elementor-element elementor-element-82776d2 wd-section-stretch elementor-section-boxed elementor-section-height-default elementor-section-height-default\" data-id=\"82776d2\" data-element_type=\"section\" data-e-type=\"section\" data-settings=\"{&quot;background_background&quot;:&quot;classic&quot;}\">\n\t\t\t\t\t\t<div class=\"elementor-container elementor-column-gap-default\">\n\t\t\t\t\t<div class=\"elementor-column elementor-col-100 elementor-top-column elementor-element elementor-element-61a84bcc\" data-id=\"61a84bcc\" data-element_type=\"column\" data-e-type=\"column\">\n\t\t\t<div class=\"elementor-widget-wrap elementor-element-populated\">\n\t\t\t\t\t\t<div class=\"elementor-element elementor-element-7290f260 elementor-widget elementor-widget-spacer\" data-id=\"7290f260\" data-element_type=\"widget\" data-e-type=\"widget\" data-widget_type=\"spacer.default\">\n\t\t\t\t\t\t\t<div class=\"elementor-spacer\">\n\t\t\t<div class=\"elementor-spacer-inner\"><\/div>\n\t\t<\/div>\n\t\t\t\t\t\t<\/div>\n\t\t\t\t\t<\/div>\n\t\t<\/div>\n\t\t\t\t\t<\/div>\n\t\t<\/section>\n\t\t\t\t<section class=\"elementor-section elementor-top-section elementor-element elementor-element-505f35f5 elementor-section-full_width wd-section-stretch elementor-section-height-default elementor-section-height-default\" data-id=\"505f35f5\" data-element_type=\"section\" data-e-type=\"section\">\n\t\t\t\t\t\t\t<div class=\"elementor-background-overlay\"><\/div>\n\t\t\t\t\t\t\t<div class=\"elementor-container elementor-column-gap-default\">\n\t\t\t\t\t<div class=\"elementor-column elementor-col-100 elementor-top-column elementor-element elementor-element-1a89ea87\" data-id=\"1a89ea87\" data-element_type=\"column\" data-e-type=\"column\" data-settings=\"{&quot;background_background&quot;:&quot;classic&quot;}\">\n\t\t\t<div class=\"elementor-widget-wrap elementor-element-populated\">\n\t\t\t\t\t\t<div class=\"elementor-element elementor-element-6d37fac6 wd-width-100 elementor-widget elementor-widget-wd_title\" data-id=\"6d37fac6\" data-element_type=\"widget\" data-e-type=\"widget\" data-widget_type=\"wd_title.default\">\n\t\t\t\t<div class=\"elementor-widget-container\">\n\t\t\t\t\t\t\t<div class=\"title-wrapper wd-set-mb reset-last-child wd-title-color-default wd-title-style-default wd-title-size-large text-center\">\n\n\t\t\t\n\t\t\t<div class=\"liner-continer\">\n\t\t\t\t<h1 class=\"woodmart-title-container title wd-fontsize-xxl\">GOLF ICE JELLY<\/h1> \n\t\t\t\t\t\t\t<\/div>\n\n\t\t\t\t\t<\/div>\n\t\t\t\t\t\t<\/div>\n\t\t\t\t<\/div>\n\t\t\t\t\t<\/div>\n\t\t<\/div>\n\t\t\t\t\t<\/div>\n\t\t<\/section>\n\t\t\t\t<section class=\"elementor-section elementor-top-section elementor-element elementor-element-7dc91e05 wd-section-stretch-content elementor-section-content-middle elementor-section-full_width elementor-section-height-default elementor-section-height-default\" data-id=\"7dc91e05\" data-element_type=\"section\" data-e-type=\"section\">\n\t\t\t\t\t\t<div class=\"elementor-container elementor-column-gap-no\">\n\t\t\t\t\t<div class=\"elementor-column elementor-col-50 elementor-top-column elementor-element elementor-element-7770a9f9\" data-id=\"7770a9f9\" data-element_type=\"column\" data-e-type=\"column\" data-settings=\"{&quot;background_background&quot;:&quot;gradient&quot;}\">\n\t\t\t<div class=\"elementor-widget-wrap elementor-element-populated\">\n\t\t\t\t\t\t<div class=\"elementor-element elementor-element-4034c913 elementor-widget elementor-widget-wd_image_or_svg\" data-id=\"4034c913\" data-element_type=\"widget\" data-e-type=\"widget\" data-widget_type=\"wd_image_or_svg.default\">\n\t\t\t\t<div class=\"elementor-widget-container\">\n\t\t\t\t\t\n\t\t<div class=\"wd-image text-center\">\n\t\t\t\t\t\t\t\t<img decoding=\"async\" width=\"675\" height=\"611\" src=\"https:\/\/www.golfdondurma.com.tr\/wp-content\/uploads\/2025\/02\/jelld-1-675x611.png\" class=\"attachment-675x611 size-675x611\" alt=\"\" \/>\t\t\t\t\t<\/div>\n\n\t\t\t\t\t\t<\/div>\n\t\t\t\t<\/div>\n\t\t\t\t\t<\/div>\n\t\t<\/div>\n\t\t\t\t<div class=\"elementor-column elementor-col-50 elementor-top-column elementor-element elementor-element-1d92a7e0\" data-id=\"1d92a7e0\" data-element_type=\"column\" data-e-type=\"column\">\n\t\t\t<div class=\"elementor-widget-wrap elementor-element-populated\">\n\t\t\t\t\t\t<div class=\"elementor-element elementor-element-7c91046b wd-animation-slide-from-top wd-animation-normal wd_delay_100 wd-animation wd-transform elementor-widget elementor-widget-elementskit-heading\" data-id=\"7c91046b\" data-element_type=\"widget\" data-e-type=\"widget\" data-widget_type=\"elementskit-heading.default\">\n\t\t\t\t\t<div class=\"ekit-wid-con\" ><div class=\"ekit-heading elementskit-section-title-wraper text_left   ekit_heading_tablet-   ekit_heading_mobile-\"><h2 class=\"ekit-heading--title elementskit-section-title\"><span><span>Golf<\/span><\/span> Ice Jelly Funny<\/h2><div class=\"ekit_heading_separetor_wraper ekit_heading_elementskit-border-divider ekit-dotted\"><div class=\"elementskit-border-divider ekit-dotted\"><\/div><\/div>\t\t\t\t<div class='ekit-heading__description'>\n\t\t\t\t\t<p>Discover the energy of tropical flavors with Ice Jelly Funny! Its fun texture and refreshing taste take your coolness to the next level!<\/p>\n\t\t\t\t<\/div>\n\t\t\t<\/div><\/div>\t\t\t\t<\/div>\n\t\t\t\t<div class=\"elementor-element elementor-element-6d134a7c wd-animation-slide-from-top wd-animation-normal wd_delay_100 wd-animation wd-transform elementor-widget elementor-widget-wd_accordion\" data-id=\"6d134a7c\" data-element_type=\"widget\" data-e-type=\"widget\" data-widget_type=\"wd_accordion.default\">\n\t\t\t\t<div class=\"elementor-widget-container\">\n\t\t\t\t\t\n\t\t<div class=\"wd-accordion wd-style-default wd-border-off wd-titles-left wd-opener-pos-right wd-opener-style-arrow\" data-state=\"all_closed\">\n\t\t\t\t\t\t\t\n\t\t\t\t<div class=\"wd-accordion-item\">\n\t\t\t\t\t<div class=\"wd-accordion-title wd-role-btn\" data-accordion-index=\"0\" tabindex=\"0\">\n\t\t\t\t\t\t<div class=\"wd-accordion-title-text\">\n\t\t\t\t\t\t\t\t\t\t\t\t\t\t\t<span class=\"img-wrapper\">\n\t\t\t\t\t\t\t\t\t<i class=\"icon icon-animated-flip-box\"><\/i>\t\t\t\t\t\t\t\t<\/span>\n\t\t\t\t\t\t\t\t\t\t\t\t\t\t<span>\n\t\t\t\t\t\t\t\tEnergy and Nutrient Values\t\t\t\t\t\t\t<\/span>\n\t\t\t\t\t\t<\/div>\n\t\t\t\t\t\t<span class=\"wd-accordion-opener\"><\/span>\n\t\t\t\t\t<\/div>\n\n\t\t\t\t\t<div class=\"wd-accordion-content wd-entry-content\" data-accordion-index=\"0\">\n\t\t\t\t\t\t\t\t\t\t\t\t\t\n\t\t\t\t\t\t\t<table width=\"576\"><tbody><tr><td colspan=\"5\" width=\"320\">Energy and Nutrient Values<\/td><td width=\"64\">\u00a0For 100 g<\/td><td colspan=\"2\" width=\"128\">For 1 serving (46 g)<\/td><td width=\"64\">RA* per serving (46 g)<\/td><\/tr><tr><td colspan=\"5\" width=\"320\">Energy (kJ\/kcal)<\/td><td>425\/100<\/td><td colspan=\"2\">204\/48<\/td><td>%2<\/td><\/tr><tr><td colspan=\"5\" width=\"320\">Fat (g)<\/td><td>0<\/td><td colspan=\"2\">0<\/td><td>%0<\/td><\/tr><tr><td colspan=\"5\" width=\"320\">\u00a0- Saturated fat (g)<\/td><td>0<\/td><td colspan=\"2\">0<\/td><td>%0<\/td><\/tr><tr><td colspan=\"5\" width=\"320\">Carbohydrate (g)<\/td><td>25<\/td><td colspan=\"2\">12<\/td><td>%5<\/td><\/tr><tr><td colspan=\"5\" width=\"320\">\u00a0- Sugars (g)<\/td><td>23<\/td><td colspan=\"2\">11<\/td><td>%12<\/td><\/tr><tr><td colspan=\"5\" width=\"320\">Protein (g)<\/td><td>0<\/td><td colspan=\"2\">0<\/td><td>%0<\/td><\/tr><tr><td colspan=\"5\" width=\"320\">Salt (g)<\/td><td>0<\/td><td colspan=\"2\">0<\/td><td>%0<\/td><\/tr><\/tbody><\/table>\n\t\t\t\t\t\t\t\t\t\t\t\t\t\t\t\t\t\t<\/div>\n\t\t\t\t<\/div>\n\t\t\t\t\t<\/div>\n\t\t\t\t\t\t<\/div>\n\t\t\t\t<\/div>\n\t\t\t\t\t<\/div>\n\t\t<\/div>\n\t\t\t\t\t<\/div>\n\t\t<\/section>\n\t\t\t\t<section class=\"elementor-section elementor-top-section elementor-element elementor-element-d1fa166 wd-section-stretch-content elementor-section-content-middle elementor-section-full_width elementor-section-height-default elementor-section-height-default\" data-id=\"d1fa166\" data-element_type=\"section\" data-e-type=\"section\">\n\t\t\t\t\t\t<div class=\"elementor-container elementor-column-gap-no\">\n\t\t\t\t\t<div class=\"elementor-column elementor-col-50 elementor-top-column elementor-element elementor-element-bb5ef66\" data-id=\"bb5ef66\" data-element_type=\"column\" data-e-type=\"column\">\n\t\t\t<div class=\"elementor-widget-wrap elementor-element-populated\">\n\t\t\t\t\t\t<div class=\"elementor-element elementor-element-a5eb426 wd-animation-slide-from-top wd-animation-normal wd_delay_100 wd-animation wd-transform elementor-widget elementor-widget-elementskit-heading\" data-id=\"a5eb426\" data-element_type=\"widget\" data-e-type=\"widget\" data-widget_type=\"elementskit-heading.default\">\n\t\t\t\t\t<div class=\"ekit-wid-con\" ><div class=\"ekit-heading elementskit-section-title-wraper text_left   ekit_heading_tablet-   ekit_heading_mobile-\"><h2 class=\"ekit-heading--title elementskit-section-title\"><span><span>Golf<\/span><\/span> Ice Jelly Happy<\/h2><div class=\"ekit_heading_separetor_wraper ekit_heading_elementskit-border-divider ekit-dotted\"><div class=\"elementskit-border-divider ekit-dotted\"><\/div><\/div>\t\t\t\t<div class='ekit-heading__description'>\n\t\t\t\t\t<p>The Refreshing Side of Fun!<br \/>Golf Ice Jelly is a fun, refreshing, and delicious experience that takes your adventure to the next level! Join this cool adventure!<\/p>\n\t\t\t\t<\/div>\n\t\t\t<\/div><\/div>\t\t\t\t<\/div>\n\t\t\t\t<div class=\"elementor-element elementor-element-3ec4824 wd-animation-slide-from-top wd-animation-normal wd_delay_100 wd-animation wd-transform elementor-widget elementor-widget-wd_accordion\" data-id=\"3ec4824\" data-element_type=\"widget\" data-e-type=\"widget\" data-widget_type=\"wd_accordion.default\">\n\t\t\t\t<div class=\"elementor-widget-container\">\n\t\t\t\t\t\n\t\t<div class=\"wd-accordion wd-style-default wd-border-off wd-titles-left wd-opener-pos-right wd-opener-style-arrow\" data-state=\"all_closed\">\n\t\t\t\t\t\t\t\n\t\t\t\t<div class=\"wd-accordion-item\">\n\t\t\t\t\t<div class=\"wd-accordion-title wd-role-btn\" data-accordion-index=\"0\" tabindex=\"0\">\n\t\t\t\t\t\t<div class=\"wd-accordion-title-text\">\n\t\t\t\t\t\t\t\t\t\t\t\t\t\t\t<span class=\"img-wrapper\">\n\t\t\t\t\t\t\t\t\t<i class=\"icon icon-animated-flip-box\"><\/i>\t\t\t\t\t\t\t\t<\/span>\n\t\t\t\t\t\t\t\t\t\t\t\t\t\t<span>\n\t\t\t\t\t\t\t\tEnergy and Nutrient Values\t\t\t\t\t\t\t<\/span>\n\t\t\t\t\t\t<\/div>\n\t\t\t\t\t\t<span class=\"wd-accordion-opener\"><\/span>\n\t\t\t\t\t<\/div>\n\n\t\t\t\t\t<div class=\"wd-accordion-content wd-entry-content\" data-accordion-index=\"0\">\n\t\t\t\t\t\t\t\t\t\t\t\t\t\n\t\t\t\t\t\t\t<table width=\"576\"><tbody><tr><td colspan=\"5\" width=\"320\">Energy and Nutrient Values<\/td><td width=\"64\">\u00a0For 100 g<\/td><td colspan=\"2\" width=\"128\">For 1 serving (46 g)<\/td><td width=\"64\">RA* per serving (46 g)<\/td><\/tr><tr><td colspan=\"5\" width=\"320\">Energy (kJ\/kcal)<\/td><td>408\/96<\/td><td colspan=\"2\">187\/44<\/td><td>%2<\/td><\/tr><tr><td colspan=\"5\" width=\"320\">Fat (g)<\/td><td>0<\/td><td colspan=\"2\">0<\/td><td>%0<\/td><\/tr><tr><td colspan=\"5\" width=\"320\">\u00a0- Saturated fat (g)<\/td><td>0<\/td><td colspan=\"2\">0<\/td><td>%0<\/td><\/tr><tr><td colspan=\"5\" width=\"320\">Carbohydrate (g)<\/td><td>24<\/td><td colspan=\"2\">11<\/td><td>%4<\/td><\/tr><tr><td colspan=\"5\" width=\"320\">\u00a0- Sugars (g)<\/td><td>23<\/td><td colspan=\"2\">11<\/td><td>%12<\/td><\/tr><tr><td colspan=\"5\" width=\"320\">Protein (g)<\/td><td>0<\/td><td colspan=\"2\">0<\/td><td>%0<\/td><\/tr><tr><td colspan=\"5\" width=\"320\">Salt (g)<\/td><td>0<\/td><td colspan=\"2\">0<\/td><td>%0<\/td><\/tr><\/tbody><\/table>\n\t\t\t\t\t\t\t\t\t\t\t\t\t\t\t\t\t\t<\/div>\n\t\t\t\t<\/div>\n\t\t\t\t\t<\/div>\n\t\t\t\t\t\t<\/div>\n\t\t\t\t<\/div>\n\t\t\t\t\t<\/div>\n\t\t<\/div>\n\t\t\t\t<div class=\"elementor-column elementor-col-50 elementor-top-column elementor-element elementor-element-a127408\" data-id=\"a127408\" data-element_type=\"column\" data-e-type=\"column\" data-settings=\"{&quot;background_background&quot;:&quot;gradient&quot;}\">\n\t\t\t<div class=\"elementor-widget-wrap elementor-element-populated\">\n\t\t\t\t\t\t<div class=\"elementor-element elementor-element-2880fab elementor-widget elementor-widget-wd_image_or_svg\" data-id=\"2880fab\" data-element_type=\"widget\" data-e-type=\"widget\" data-widget_type=\"wd_image_or_svg.default\">\n\t\t\t\t<div class=\"elementor-widget-container\">\n\t\t\t\t\t\n\t\t<div class=\"wd-image text-center\">\n\t\t\t\t\t\t\t\t<img decoding=\"async\" width=\"675\" height=\"611\" src=\"https:\/\/www.golfdondurma.com.tr\/wp-content\/uploads\/2025\/02\/jell_hap-1-675x611.png\" class=\"attachment-675x611 size-675x611\" alt=\"\" \/>\t\t\t\t\t<\/div>\n\n\t\t\t\t\t\t<\/div>\n\t\t\t\t<\/div>\n\t\t\t\t\t<\/div>\n\t\t<\/div>\n\t\t\t\t\t<\/div>\n\t\t<\/section>\n\t\t\t\t<section class=\"elementor-section elementor-top-section elementor-element elementor-element-513eebe wd-section-stretch-content elementor-section-content-middle elementor-section-full_width elementor-section-height-default elementor-section-height-default\" data-id=\"513eebe\" data-element_type=\"section\" data-e-type=\"section\">\n\t\t\t\t\t\t<div class=\"elementor-container elementor-column-gap-no\">\n\t\t\t\t\t<div class=\"elementor-column elementor-col-50 elementor-top-column elementor-element elementor-element-66feb75\" data-id=\"66feb75\" data-element_type=\"column\" data-e-type=\"column\" data-settings=\"{&quot;background_background&quot;:&quot;gradient&quot;}\">\n\t\t\t<div class=\"elementor-widget-wrap elementor-element-populated\">\n\t\t\t\t\t\t<div class=\"elementor-element elementor-element-8bb2457 elementor-widget elementor-widget-wd_image_or_svg\" data-id=\"8bb2457\" data-element_type=\"widget\" data-e-type=\"widget\" data-widget_type=\"wd_image_or_svg.default\">\n\t\t\t\t<div class=\"elementor-widget-container\">\n\t\t\t\t\t\n\t\t<div class=\"wd-image text-center\">\n\t\t\t\t\t\t\t\t<img decoding=\"async\" width=\"675\" height=\"611\" src=\"https:\/\/www.golfdondurma.com.tr\/wp-content\/uploads\/2025\/02\/jell_lo-675x611.png\" class=\"attachment-675x611 size-675x611\" alt=\"\" \/>\t\t\t\t\t<\/div>\n\n\t\t\t\t\t\t<\/div>\n\t\t\t\t<\/div>\n\t\t\t\t\t<\/div>\n\t\t<\/div>\n\t\t\t\t<div class=\"elementor-column elementor-col-50 elementor-top-column elementor-element elementor-element-8af964c\" data-id=\"8af964c\" data-element_type=\"column\" data-e-type=\"column\">\n\t\t\t<div class=\"elementor-widget-wrap elementor-element-populated\">\n\t\t\t\t\t\t<div class=\"elementor-element elementor-element-efe663d wd-animation-slide-from-top wd-animation-normal wd_delay_100 wd-animation wd-transform elementor-widget elementor-widget-elementskit-heading\" data-id=\"efe663d\" data-element_type=\"widget\" data-e-type=\"widget\" data-widget_type=\"elementskit-heading.default\">\n\t\t\t\t\t<div class=\"ekit-wid-con\" ><div class=\"ekit-heading elementskit-section-title-wraper text_left   ekit_heading_tablet-   ekit_heading_mobile-\"><h2 class=\"ekit-heading--title elementskit-section-title\"><span><span>Golf<\/span><\/span> Ice Jelly Lovely<\/h2><div class=\"ekit_heading_separetor_wraper ekit_heading_elementskit-border-divider ekit-dotted\"><div class=\"elementskit-border-divider ekit-dotted\"><\/div><\/div>\t\t\t\t<div class='ekit-heading__description'>\n\t\t\t\t\t<p>Ice Jelly Lovely takes the fun to the next level with its gooey jelly filling, offering a sweet treat while cooling you down!<\/p>\n\t\t\t\t<\/div>\n\t\t\t<\/div><\/div>\t\t\t\t<\/div>\n\t\t\t\t<div class=\"elementor-element elementor-element-010072c wd-animation-slide-from-top wd-animation-normal wd_delay_100 wd-animation wd-transform elementor-widget elementor-widget-wd_accordion\" data-id=\"010072c\" data-element_type=\"widget\" data-e-type=\"widget\" data-widget_type=\"wd_accordion.default\">\n\t\t\t\t<div class=\"elementor-widget-container\">\n\t\t\t\t\t\n\t\t<div class=\"wd-accordion wd-style-default wd-border-off wd-titles-left wd-opener-pos-right wd-opener-style-arrow\" data-state=\"all_closed\">\n\t\t\t\t\t\t\t\n\t\t\t\t<div class=\"wd-accordion-item\">\n\t\t\t\t\t<div class=\"wd-accordion-title wd-role-btn\" data-accordion-index=\"0\" tabindex=\"0\">\n\t\t\t\t\t\t<div class=\"wd-accordion-title-text\">\n\t\t\t\t\t\t\t\t\t\t\t\t\t\t\t<span class=\"img-wrapper\">\n\t\t\t\t\t\t\t\t\t<i class=\"icon icon-animated-flip-box\"><\/i>\t\t\t\t\t\t\t\t<\/span>\n\t\t\t\t\t\t\t\t\t\t\t\t\t\t<span>\n\t\t\t\t\t\t\t\tEnergy and Nutrient Values\t\t\t\t\t\t\t<\/span>\n\t\t\t\t\t\t<\/div>\n\t\t\t\t\t\t<span class=\"wd-accordion-opener\"><\/span>\n\t\t\t\t\t<\/div>\n\n\t\t\t\t\t<div class=\"wd-accordion-content wd-entry-content\" data-accordion-index=\"0\">\n\t\t\t\t\t\t\t\t\t\t\t\t\t\n\t\t\t\t\t\t\t<table width=\"888\"><tbody><tr><td colspan=\"5\" width=\"280\">Energy and Nutrient Values<\/td><td width=\"200\">\u00a0For 100 g<\/td><td colspan=\"2\" width=\"213\">For 1 serving (46 g)<\/td><td width=\"195\">RA* per serving (46 g)<\/td><\/tr><tr><td colspan=\"5\" width=\"280\">Energy (kJ\/kcal)<\/td><td>391\/92<\/td><td colspan=\"2\">187\/44<\/td><td>%2<\/td><\/tr><tr><td colspan=\"5\" width=\"280\">Fat (g)<\/td><td>0<\/td><td colspan=\"2\">0<\/td><td>%0<\/td><\/tr><tr><td colspan=\"5\" width=\"280\">\u00a0- Saturated fat (g)<\/td><td>0<\/td><td colspan=\"2\">0<\/td><td>%0<\/td><\/tr><tr><td colspan=\"5\" width=\"280\">Carbohydrate (g)<\/td><td>23<\/td><td colspan=\"2\">11<\/td><td>%4<\/td><\/tr><tr><td colspan=\"5\" width=\"280\">\u00a0- Sugars (g)<\/td><td>21<\/td><td colspan=\"2\">10<\/td><td>%11<\/td><\/tr><tr><td colspan=\"5\" width=\"280\">Protein (g)<\/td><td>0<\/td><td colspan=\"2\">0<\/td><td>%0<\/td><\/tr><tr><td colspan=\"5\" width=\"280\">Salt (g)<\/td><td>0<\/td><td colspan=\"2\">0<\/td><td>%0<\/td><\/tr><\/tbody><\/table>\n\t\t\t\t\t\t\t\t\t\t\t\t\t\t\t\t\t\t<\/div>\n\t\t\t\t<\/div>\n\t\t\t\t\t<\/div>\n\t\t\t\t\t\t<\/div>\n\t\t\t\t<\/div>\n\t\t\t\t\t<\/div>\n\t\t<\/div>\n\t\t\t\t\t<\/div>\n\t\t<\/section>\n\t\t\t\t<\/div>","protected":false},"excerpt":{"rendered":"<p>GOLF ICE JELLY Golf Ice Jelly Funny Ice Jelly Funny ile tropik lezzetlerin enerjisini ke\u015ffet! E\u011flenceli yap\u0131s\u0131 ve ferahlat\u0131c\u0131 tad\u0131yla<\/p>","protected":false},"author":1,"featured_media":0,"parent":0,"menu_order":0,"comment_status":"closed","ping_status":"closed","template":"","meta":{"footnotes":""},"class_list":["post-28193","page","type-page","status-publish","hentry"],"_links":{"self":[{"href":"https:\/\/www.golfdondurma.com.tr\/en\/wp-json\/wp\/v2\/pages\/28193","targetHints":{"allow":["GET"]}}],"collection":[{"href":"https:\/\/www.golfdondurma.com.tr\/en\/wp-json\/wp\/v2\/pages"}],"about":[{"href":"https:\/\/www.golfdondurma.com.tr\/en\/wp-json\/wp\/v2\/types\/page"}],"author":[{"embeddable":true,"href":"https:\/\/www.golfdondurma.com.tr\/en\/wp-json\/wp\/v2\/users\/1"}],"replies":[{"embeddable":true,"href":"https:\/\/www.golfdondurma.com.tr\/en\/wp-json\/wp\/v2\/comments?post=28193"}],"version-history":[{"count":0,"href":"https:\/\/www.golfdondurma.com.tr\/en\/wp-json\/wp\/v2\/pages\/28193\/revisions"}],"wp:attachment":[{"href":"https:\/\/www.golfdondurma.com.tr\/en\/wp-json\/wp\/v2\/media?parent=28193"}],"curies":[{"name":"wp","href":"https:\/\/api.w.org\/{rel}","templated":true}]}}