{"id":28201,"date":"2025-02-05T23:47:51","date_gmt":"2025-02-05T20:47:51","guid":{"rendered":"https:\/\/www.golfdondurma.com.tr\/?page_id=28201"},"modified":"2025-08-13T20:10:38","modified_gmt":"2025-08-13T17:10:38","slug":"golf-classic","status":"publish","type":"page","link":"https:\/\/www.golfdondurma.com.tr\/en\/golf-classic\/","title":{"rendered":"Golf Classic"},"content":{"rendered":"<div data-elementor-type=\"wp-page\" data-elementor-id=\"28201\" class=\"elementor elementor-28201\">\n\t\t\t\t\t\t<section class=\"elementor-section elementor-top-section elementor-element elementor-element-2df54633 wd-section-stretch elementor-section-boxed elementor-section-height-default elementor-section-height-default\" data-id=\"2df54633\" data-element_type=\"section\" data-e-type=\"section\" data-settings=\"{&quot;background_background&quot;:&quot;classic&quot;}\">\n\t\t\t\t\t\t<div class=\"elementor-container elementor-column-gap-default\">\n\t\t\t\t\t<div class=\"elementor-column elementor-col-100 elementor-top-column elementor-element elementor-element-58f023b7\" data-id=\"58f023b7\" data-element_type=\"column\" data-e-type=\"column\">\n\t\t\t<div class=\"elementor-widget-wrap elementor-element-populated\">\n\t\t\t\t\t\t<div class=\"elementor-element elementor-element-3f629c83 elementor-widget elementor-widget-spacer\" data-id=\"3f629c83\" data-element_type=\"widget\" data-e-type=\"widget\" data-widget_type=\"spacer.default\">\n\t\t\t\t\t\t\t<div class=\"elementor-spacer\">\n\t\t\t<div class=\"elementor-spacer-inner\"><\/div>\n\t\t<\/div>\n\t\t\t\t\t\t<\/div>\n\t\t\t\t\t<\/div>\n\t\t<\/div>\n\t\t\t\t\t<\/div>\n\t\t<\/section>\n\t\t\t\t<section class=\"elementor-section elementor-top-section elementor-element elementor-element-76ebb1d9 elementor-section-full_width wd-section-stretch elementor-section-height-default elementor-section-height-default\" data-id=\"76ebb1d9\" data-element_type=\"section\" data-e-type=\"section\">\n\t\t\t\t\t\t\t<div class=\"elementor-background-overlay\"><\/div>\n\t\t\t\t\t\t\t<div class=\"elementor-container elementor-column-gap-default\">\n\t\t\t\t\t<div class=\"elementor-column elementor-col-100 elementor-top-column elementor-element elementor-element-33166aa7\" data-id=\"33166aa7\" data-element_type=\"column\" data-e-type=\"column\" data-settings=\"{&quot;background_background&quot;:&quot;classic&quot;}\">\n\t\t\t<div class=\"elementor-widget-wrap elementor-element-populated\">\n\t\t\t\t\t\t<div class=\"elementor-element elementor-element-53ac21d7 wd-width-100 elementor-widget elementor-widget-wd_title\" data-id=\"53ac21d7\" data-element_type=\"widget\" data-e-type=\"widget\" data-widget_type=\"wd_title.default\">\n\t\t\t\t<div class=\"elementor-widget-container\">\n\t\t\t\t\t\t\t<div class=\"title-wrapper wd-set-mb reset-last-child wd-title-color-default wd-title-style-default wd-title-size-large text-center\">\n\n\t\t\t\n\t\t\t<div class=\"liner-continer\">\n\t\t\t\t<h1 class=\"woodmart-title-container title wd-fontsize-xxl\">Golf Classic<\/h1> \n\t\t\t\t\t\t\t<\/div>\n\n\t\t\t\t\t\t\t<div class=\"title-after_title reset-last-child wd-fontsize-s\">\n\t\t\t\t\t<p>True classics never go out of style! Cocoa, strawberry, and vanilla \u2013 these beloved flavors are here for those who can&#039;t resist the classics!<\/p>\t\t\t\t<\/div>\n\t\t\t\t\t<\/div>\n\t\t\t\t\t\t<\/div>\n\t\t\t\t<\/div>\n\t\t\t\t\t<\/div>\n\t\t<\/div>\n\t\t\t\t\t<\/div>\n\t\t<\/section>\n\t\t\t\t<section class=\"elementor-section elementor-top-section elementor-element elementor-element-4199fe80 wd-section-stretch-content elementor-section-content-middle elementor-section-full_width elementor-section-height-default elementor-section-height-default\" data-id=\"4199fe80\" data-element_type=\"section\" data-e-type=\"section\">\n\t\t\t\t\t\t<div class=\"elementor-container elementor-column-gap-no\">\n\t\t\t\t\t<div class=\"elementor-column elementor-col-50 elementor-top-column elementor-element elementor-element-27634986\" data-id=\"27634986\" data-element_type=\"column\" data-e-type=\"column\" data-settings=\"{&quot;background_background&quot;:&quot;classic&quot;}\">\n\t\t\t<div class=\"elementor-widget-wrap elementor-element-populated\">\n\t\t\t\t\t\t<div class=\"elementor-element elementor-element-58fb64ae elementor-widget elementor-widget-wd_image_or_svg\" data-id=\"58fb64ae\" data-element_type=\"widget\" data-e-type=\"widget\" data-widget_type=\"wd_image_or_svg.default\">\n\t\t\t\t<div class=\"elementor-widget-container\">\n\t\t\t\t\t\n\t\t<div class=\"wd-image text-center\">\n\t\t\t\t\t\t\t\t<img loading=\"lazy\" decoding=\"async\" width=\"675\" height=\"555\" src=\"https:\/\/www.golfdondurma.com.tr\/wp-content\/uploads\/2025\/02\/clk3-1-675x555.png\" class=\"attachment-675x555 size-675x555\" alt=\"\" srcset=\"https:\/\/www.golfdondurma.com.tr\/wp-content\/uploads\/2025\/02\/clk3-1-675x555.png 675w, https:\/\/www.golfdondurma.com.tr\/wp-content\/uploads\/2025\/02\/clk3-1-365x300.png 365w, https:\/\/www.golfdondurma.com.tr\/wp-content\/uploads\/2025\/02\/clk3-1-973x800.png 973w, https:\/\/www.golfdondurma.com.tr\/wp-content\/uploads\/2025\/02\/clk3-1-768x631.png 768w, https:\/\/www.golfdondurma.com.tr\/wp-content\/uploads\/2025\/02\/clk3-1.png 1000w\" sizes=\"auto, (max-width: 675px) 100vw, 675px\" \/>\t\t\t\t\t<\/div>\n\n\t\t\t\t\t\t<\/div>\n\t\t\t\t<\/div>\n\t\t\t\t\t<\/div>\n\t\t<\/div>\n\t\t\t\t<div class=\"elementor-column elementor-col-50 elementor-top-column elementor-element elementor-element-49fb8751\" data-id=\"49fb8751\" data-element_type=\"column\" data-e-type=\"column\">\n\t\t\t<div class=\"elementor-widget-wrap elementor-element-populated\">\n\t\t\t\t\t\t<div class=\"elementor-element elementor-element-689a31fe wd-animation-slide-from-top wd-animation-normal wd_delay_100 wd-animation wd-transform elementor-widget elementor-widget-elementskit-heading\" data-id=\"689a31fe\" data-element_type=\"widget\" data-e-type=\"widget\" data-widget_type=\"elementskit-heading.default\">\n\t\t\t\t\t<div class=\"ekit-wid-con\" ><div class=\"ekit-heading elementskit-section-title-wraper text_left   ekit_heading_tablet-   ekit_heading_mobile-\"><h2 class=\"ekit-heading--title elementskit-section-title\"><span><span>Golf<\/span><\/span> Classic Cocoa<\/h2><div class=\"ekit_heading_separetor_wraper ekit_heading_elementskit-border-divider ekit-dotted\"><div class=\"elementskit-border-divider ekit-dotted\"><\/div><\/div>\t\t\t\t<div class='ekit-heading__description'>\n\t\t\t\t\t<p>With the unique flavor of cocoa, a classic touch!<\/p>\n\t\t\t\t<\/div>\n\t\t\t<\/div><\/div>\t\t\t\t<\/div>\n\t\t\t\t<div class=\"elementor-element elementor-element-2e08df30 wd-animation-slide-from-top wd-animation-normal wd_delay_100 wd-animation wd-transform elementor-widget elementor-widget-wd_accordion\" data-id=\"2e08df30\" data-element_type=\"widget\" data-e-type=\"widget\" data-widget_type=\"wd_accordion.default\">\n\t\t\t\t<div class=\"elementor-widget-container\">\n\t\t\t\t\t\n\t\t<div class=\"wd-accordion wd-style-default wd-border-off wd-titles-left wd-opener-pos-right wd-opener-style-arrow\" data-state=\"all_closed\">\n\t\t\t\t\t\t\t\n\t\t\t\t<div class=\"wd-accordion-item\">\n\t\t\t\t\t<div class=\"wd-accordion-title wd-role-btn\" data-accordion-index=\"0\" tabindex=\"0\">\n\t\t\t\t\t\t<div class=\"wd-accordion-title-text\">\n\t\t\t\t\t\t\t\t\t\t\t\t\t\t\t<span class=\"img-wrapper\">\n\t\t\t\t\t\t\t\t\t<i class=\"icon icon-animated-flip-box\"><\/i>\t\t\t\t\t\t\t\t<\/span>\n\t\t\t\t\t\t\t\t\t\t\t\t\t\t<span>\n\t\t\t\t\t\t\t\tEnergy and Nutrient Values\t\t\t\t\t\t\t<\/span>\n\t\t\t\t\t\t<\/div>\n\t\t\t\t\t\t<span class=\"wd-accordion-opener\"><\/span>\n\t\t\t\t\t<\/div>\n\n\t\t\t\t\t<div class=\"wd-accordion-content wd-entry-content\" data-accordion-index=\"0\">\n\t\t\t\t\t\t\t\t\t\t\t\t\t\n\t\t\t\t\t\t\t<table width=\"704\"><tbody><tr><td colspan=\"5\" width=\"320\">Energy and Nutrient Values<\/td><td colspan=\"2\" width=\"128\">For 100 g<\/td><td colspan=\"2\" width=\"128\">For 1 serving (45.6 g)<\/td><td colspan=\"2\" width=\"128\">RA* per serving (45.6 g)<\/td><\/tr><tr><td colspan=\"5\" width=\"320\">Energy (kJ\/kcal)<\/td><td colspan=\"2\">1243\/298<\/td><td colspan=\"2\">561\/135<\/td><td colspan=\"2\" width=\"128\">%7<\/td><\/tr><tr><td colspan=\"5\" width=\"320\">Fat (g)<\/td><td colspan=\"2\">20<\/td><td colspan=\"2\">9,1<\/td><td colspan=\"2\" width=\"128\">%13<\/td><\/tr><tr><td colspan=\"5\" width=\"320\">\u00a0- Saturated fat (g)<\/td><td colspan=\"2\">13<\/td><td colspan=\"2\">5,9<\/td><td colspan=\"2\" width=\"128\">%30<\/td><\/tr><tr><td colspan=\"5\" width=\"320\">Carbohydrate (g)<\/td><td colspan=\"2\">27<\/td><td colspan=\"2\">12<\/td><td colspan=\"2\" width=\"128\">%5<\/td><\/tr><tr><td colspan=\"5\" width=\"320\">\u00a0- Sugars (g)<\/td><td colspan=\"2\">26<\/td><td colspan=\"2\">12<\/td><td colspan=\"2\" width=\"128\">%13<\/td><\/tr><tr><td colspan=\"5\" width=\"320\">Protein (g)<\/td><td colspan=\"2\">2,6<\/td><td colspan=\"2\">1,2<\/td><td colspan=\"2\" width=\"128\">%2<\/td><\/tr><tr><td colspan=\"5\" width=\"320\">Salt (g)<\/td><td colspan=\"2\">0,25<\/td><td colspan=\"2\">0,11<\/td><td colspan=\"2\" width=\"128\">%2<\/td><\/tr><\/tbody><\/table>\n\t\t\t\t\t\t\t\t\t\t\t\t\t\t\t\t\t\t<\/div>\n\t\t\t\t<\/div>\n\t\t\t\t\t<\/div>\n\t\t\t\t\t\t<\/div>\n\t\t\t\t<\/div>\n\t\t\t\t\t<\/div>\n\t\t<\/div>\n\t\t\t\t\t<\/div>\n\t\t<\/section>\n\t\t\t\t<section class=\"elementor-section elementor-top-section elementor-element elementor-element-252c339a wd-section-stretch-content elementor-section-content-middle elementor-section-items-stretch elementor-reverse-mobile elementor-section-full_width elementor-section-height-min-height elementor-section-height-default\" data-id=\"252c339a\" data-element_type=\"section\" data-e-type=\"section\">\n\t\t\t\t\t\t<div class=\"elementor-container elementor-column-gap-no\">\n\t\t\t\t\t<div class=\"elementor-column elementor-col-50 elementor-top-column elementor-element elementor-element-7e8b0821\" data-id=\"7e8b0821\" data-element_type=\"column\" data-e-type=\"column\">\n\t\t\t<div class=\"elementor-widget-wrap elementor-element-populated\">\n\t\t\t\t\t\t<div class=\"elementor-element elementor-element-7120ccde wd-animation-slide-from-top wd-animation-normal wd_delay_100 wd-animation wd-transform elementor-widget elementor-widget-elementskit-heading\" data-id=\"7120ccde\" data-element_type=\"widget\" data-e-type=\"widget\" data-widget_type=\"elementskit-heading.default\">\n\t\t\t\t\t<div class=\"ekit-wid-con\" ><div class=\"ekit-heading elementskit-section-title-wraper text_right   ekit_heading_tablet-   ekit_heading_mobile-\"><h2 class=\"ekit-heading--title elementskit-section-title\"><span><span>Golf<\/span><\/span> Classic Vanilla<\/h2><div class=\"ekit_heading_separetor_wraper ekit_heading_elementskit-border-divider ekit-dotted\"><div class=\"elementskit-border-divider ekit-dotted\"><\/div><\/div>\t\t\t\t<div class='ekit-heading__description'>\n\t\t\t\t\t<p>A must-have for every moment, with a soft touch of vanilla.<\/p>\n\t\t\t\t<\/div>\n\t\t\t<\/div><\/div>\t\t\t\t<\/div>\n\t\t\t\t<div class=\"elementor-element elementor-element-6fec86e4 elementor-widget elementor-widget-wd_accordion\" data-id=\"6fec86e4\" data-element_type=\"widget\" data-e-type=\"widget\" data-widget_type=\"wd_accordion.default\">\n\t\t\t\t<div class=\"elementor-widget-container\">\n\t\t\t\t\t\n\t\t<div class=\"wd-accordion wd-style-default wd-border-off wd-titles-right wd-opener-pos-right wd-opener-style-arrow\" data-state=\"all_closed\">\n\t\t\t\t\t\t\t\n\t\t\t\t<div class=\"wd-accordion-item\">\n\t\t\t\t\t<div class=\"wd-accordion-title wd-role-btn\" data-accordion-index=\"0\" tabindex=\"0\">\n\t\t\t\t\t\t<div class=\"wd-accordion-title-text\">\n\t\t\t\t\t\t\t\t\t\t\t\t\t\t\t<span class=\"img-wrapper\">\n\t\t\t\t\t\t\t\t\t<i class=\"icon icon-animated-flip-box\"><\/i>\t\t\t\t\t\t\t\t<\/span>\n\t\t\t\t\t\t\t\t\t\t\t\t\t\t<span>\n\t\t\t\t\t\t\t\tEnergy and Nutrient Values\t\t\t\t\t\t\t<\/span>\n\t\t\t\t\t\t<\/div>\n\t\t\t\t\t\t<span class=\"wd-accordion-opener\"><\/span>\n\t\t\t\t\t<\/div>\n\n\t\t\t\t\t<div class=\"wd-accordion-content wd-entry-content\" data-accordion-index=\"0\">\n\t\t\t\t\t\t\t\t\t\t\t\t\t\n\t\t\t\t\t\t\t<table width=\"704\"><tbody><tr><td colspan=\"5\" width=\"320\">Energy and Nutrient Values<\/td><td colspan=\"2\" width=\"128\">For 100 g<\/td><td colspan=\"2\" width=\"128\">For 1 serving (45.6 g)<\/td><td colspan=\"2\" width=\"128\">RA* per serving (45.6 g)<\/td><\/tr><tr><td colspan=\"5\" width=\"320\">Energy (kJ\/kcal)<\/td><td colspan=\"2\">1248\/300<\/td><td colspan=\"2\">563\/135<\/td><td colspan=\"2\" width=\"128\">%7<\/td><\/tr><tr><td colspan=\"5\" width=\"320\">Fat (g)<\/td><td colspan=\"2\">21<\/td><td colspan=\"2\">9,6<\/td><td colspan=\"2\" width=\"128\">%14<\/td><\/tr><tr><td colspan=\"5\" width=\"320\">\u00a0- Saturated fat (g)<\/td><td colspan=\"2\">14<\/td><td colspan=\"2\">6,4<\/td><td colspan=\"2\" width=\"128\">%32<\/td><\/tr><tr><td colspan=\"5\" width=\"320\">Carbohydrate (g)<\/td><td colspan=\"2\">25<\/td><td colspan=\"2\">11<\/td><td colspan=\"2\" width=\"128\">%4<\/td><\/tr><tr><td colspan=\"5\" width=\"320\">\u00a0- Sugars (g)<\/td><td colspan=\"2\">25<\/td><td colspan=\"2\">11<\/td><td colspan=\"2\" width=\"128\">%12<\/td><\/tr><tr><td colspan=\"5\" width=\"320\">Protein (g)<\/td><td colspan=\"2\">2,7<\/td><td colspan=\"2\">1,2<\/td><td colspan=\"2\" width=\"128\">%2<\/td><\/tr><tr><td colspan=\"5\" width=\"320\">Salt (g)<\/td><td colspan=\"2\">0,25<\/td><td colspan=\"2\">0,11<\/td><td colspan=\"2\" width=\"128\">%2<\/td><\/tr><\/tbody><\/table>\n\t\t\t\t\t\t\t\t\t\t\t\t\t\t\t\t\t\t<\/div>\n\t\t\t\t<\/div>\n\t\t\t\t\t<\/div>\n\t\t\t\t\t\t<\/div>\n\t\t\t\t<\/div>\n\t\t\t\t\t<\/div>\n\t\t<\/div>\n\t\t\t\t<div class=\"elementor-column elementor-col-50 elementor-top-column elementor-element elementor-element-2b57595d\" data-id=\"2b57595d\" data-element_type=\"column\" data-e-type=\"column\" data-settings=\"{&quot;background_background&quot;:&quot;classic&quot;}\">\n\t\t\t<div class=\"elementor-widget-wrap elementor-element-populated\">\n\t\t\t\t\t\t<div class=\"elementor-element elementor-element-1c999ad elementor-widget elementor-widget-wd_image_or_svg\" data-id=\"1c999ad\" data-element_type=\"widget\" data-e-type=\"widget\" data-widget_type=\"wd_image_or_svg.default\">\n\t\t\t\t<div class=\"elementor-widget-container\">\n\t\t\t\t\t\n\t\t<div class=\"wd-image text-center\">\n\t\t\t\t\t\t\t\t<img loading=\"lazy\" decoding=\"async\" width=\"675\" height=\"555\" src=\"https:\/\/www.golfdondurma.com.tr\/wp-content\/uploads\/2025\/02\/clv2-1-675x555.png\" class=\"attachment-675x555 size-675x555\" alt=\"\" srcset=\"https:\/\/www.golfdondurma.com.tr\/wp-content\/uploads\/2025\/02\/clv2-1-675x555.png 675w, https:\/\/www.golfdondurma.com.tr\/wp-content\/uploads\/2025\/02\/clv2-1-365x300.png 365w, https:\/\/www.golfdondurma.com.tr\/wp-content\/uploads\/2025\/02\/clv2-1-973x800.png 973w, https:\/\/www.golfdondurma.com.tr\/wp-content\/uploads\/2025\/02\/clv2-1-768x631.png 768w, https:\/\/www.golfdondurma.com.tr\/wp-content\/uploads\/2025\/02\/clv2-1.png 1000w\" sizes=\"auto, (max-width: 675px) 100vw, 675px\" \/>\t\t\t\t\t<\/div>\n\n\t\t\t\t\t\t<\/div>\n\t\t\t\t<\/div>\n\t\t\t\t\t<\/div>\n\t\t<\/div>\n\t\t\t\t\t<\/div>\n\t\t<\/section>\n\t\t\t\t<section class=\"elementor-section elementor-top-section elementor-element elementor-element-417600e wd-section-stretch-content elementor-section-content-middle elementor-section-full_width elementor-section-height-default elementor-section-height-default\" data-id=\"417600e\" data-element_type=\"section\" data-e-type=\"section\">\n\t\t\t\t\t\t<div class=\"elementor-container elementor-column-gap-no\">\n\t\t\t\t\t<div class=\"elementor-column elementor-col-50 elementor-top-column elementor-element elementor-element-5b5ffa8\" data-id=\"5b5ffa8\" data-element_type=\"column\" data-e-type=\"column\" data-settings=\"{&quot;background_background&quot;:&quot;classic&quot;}\">\n\t\t\t<div class=\"elementor-widget-wrap elementor-element-populated\">\n\t\t\t\t\t\t<div class=\"elementor-element elementor-element-ddd14b8 elementor-widget elementor-widget-wd_image_or_svg\" data-id=\"ddd14b8\" data-element_type=\"widget\" data-e-type=\"widget\" data-widget_type=\"wd_image_or_svg.default\">\n\t\t\t\t<div class=\"elementor-widget-container\">\n\t\t\t\t\t\n\t\t<div class=\"wd-image text-center\">\n\t\t\t\t\t\t\t\t<img loading=\"lazy\" decoding=\"async\" width=\"675\" height=\"555\" src=\"https:\/\/www.golfdondurma.com.tr\/wp-content\/uploads\/2025\/02\/clccg-1-675x555.png\" class=\"attachment-675x555 size-675x555\" alt=\"\" srcset=\"https:\/\/www.golfdondurma.com.tr\/wp-content\/uploads\/2025\/02\/clccg-1-675x555.png 675w, https:\/\/www.golfdondurma.com.tr\/wp-content\/uploads\/2025\/02\/clccg-1-365x300.png 365w, https:\/\/www.golfdondurma.com.tr\/wp-content\/uploads\/2025\/02\/clccg-1-973x800.png 973w, https:\/\/www.golfdondurma.com.tr\/wp-content\/uploads\/2025\/02\/clccg-1-768x631.png 768w, https:\/\/www.golfdondurma.com.tr\/wp-content\/uploads\/2025\/02\/clccg-1.png 1000w\" sizes=\"auto, (max-width: 675px) 100vw, 675px\" \/>\t\t\t\t\t<\/div>\n\n\t\t\t\t\t\t<\/div>\n\t\t\t\t<\/div>\n\t\t\t\t\t<\/div>\n\t\t<\/div>\n\t\t\t\t<div class=\"elementor-column elementor-col-50 elementor-top-column elementor-element elementor-element-f6d6a4e\" data-id=\"f6d6a4e\" data-element_type=\"column\" data-e-type=\"column\">\n\t\t\t<div class=\"elementor-widget-wrap elementor-element-populated\">\n\t\t\t\t\t\t<div class=\"elementor-element elementor-element-178bb07 wd-animation-slide-from-top wd-animation-normal wd_delay_100 wd-animation wd-transform elementor-widget elementor-widget-elementskit-heading\" data-id=\"178bb07\" data-element_type=\"widget\" data-e-type=\"widget\" data-widget_type=\"elementskit-heading.default\">\n\t\t\t\t\t<div class=\"ekit-wid-con\" ><div class=\"ekit-heading elementskit-section-title-wraper text_left   ekit_heading_tablet-   ekit_heading_mobile-\"><h2 class=\"ekit-heading--title elementskit-section-title\"><span><span>Golf<\/span><\/span> Classic Strawberry<\/h2><div class=\"ekit_heading_separetor_wraper ekit_heading_elementskit-border-divider ekit-dotted\"><div class=\"elementskit-border-divider ekit-dotted\"><\/div><\/div>\t\t\t\t<div class='ekit-heading__description'>\n\t\t\t\t\t<p>Golf Classic: Strawberry at its most beloved!<\/p>\n\t\t\t\t<\/div>\n\t\t\t<\/div><\/div>\t\t\t\t<\/div>\n\t\t\t\t<div class=\"elementor-element elementor-element-b93382b wd-animation-slide-from-top wd-animation-normal wd_delay_100 wd-animation wd-transform elementor-widget elementor-widget-wd_accordion\" data-id=\"b93382b\" data-element_type=\"widget\" data-e-type=\"widget\" data-widget_type=\"wd_accordion.default\">\n\t\t\t\t<div class=\"elementor-widget-container\">\n\t\t\t\t\t\n\t\t<div class=\"wd-accordion wd-style-default wd-border-off wd-titles-left wd-opener-pos-right wd-opener-style-arrow\" data-state=\"all_closed\">\n\t\t\t\t\t\t\t\n\t\t\t\t<div class=\"wd-accordion-item\">\n\t\t\t\t\t<div class=\"wd-accordion-title wd-role-btn\" data-accordion-index=\"0\" tabindex=\"0\">\n\t\t\t\t\t\t<div class=\"wd-accordion-title-text\">\n\t\t\t\t\t\t\t\t\t\t\t\t\t\t\t<span class=\"img-wrapper\">\n\t\t\t\t\t\t\t\t\t<i class=\"icon icon-animated-flip-box\"><\/i>\t\t\t\t\t\t\t\t<\/span>\n\t\t\t\t\t\t\t\t\t\t\t\t\t\t<span>\n\t\t\t\t\t\t\t\tEnergy and Nutrient Values\t\t\t\t\t\t\t<\/span>\n\t\t\t\t\t\t<\/div>\n\t\t\t\t\t\t<span class=\"wd-accordion-opener\"><\/span>\n\t\t\t\t\t<\/div>\n\n\t\t\t\t\t<div class=\"wd-accordion-content wd-entry-content\" data-accordion-index=\"0\">\n\t\t\t\t\t\t\t\t\t\t\t\t\t\n\t\t\t\t\t\t\t<table width=\"678\"><tbody><tr><td colspan=\"5\" width=\"197\">Energy and Nutrient Values<\/td><td colspan=\"2\" width=\"172\">For 100 g<\/td><td colspan=\"2\" width=\"166\">For 1 serving (45.6 g)<\/td><td colspan=\"2\" width=\"143\">RA* per serving (45.6 g)<\/td><\/tr><tr><td colspan=\"5\" width=\"197\">Energy (kJ\/kcal)<\/td><td colspan=\"2\">1259\/302<\/td><td colspan=\"2\">576\/138<\/td><td colspan=\"2\" width=\"143\">%7<\/td><\/tr><tr><td colspan=\"5\" width=\"197\">Fat (g)<\/td><td colspan=\"2\">20<\/td><td colspan=\"2\">9,1<\/td><td colspan=\"2\" width=\"143\">%13<\/td><\/tr><tr><td colspan=\"5\" width=\"197\">\u00a0- Saturated fat (g)<\/td><td colspan=\"2\">12<\/td><td colspan=\"2\">5,5<\/td><td colspan=\"2\" width=\"143\">%28<\/td><\/tr><tr><td colspan=\"5\" width=\"197\">Carbohydrate (g)<\/td><td colspan=\"2\">28<\/td><td colspan=\"2\">13<\/td><td colspan=\"2\" width=\"143\">%5<\/td><\/tr><tr><td colspan=\"5\" width=\"197\">\u00a0- Sugars (g)<\/td><td colspan=\"2\">27<\/td><td colspan=\"2\">12<\/td><td colspan=\"2\" width=\"143\">%13<\/td><\/tr><tr><td colspan=\"5\" width=\"197\">Protein (g)<\/td><td colspan=\"2\">2,5<\/td><td colspan=\"2\">1,1<\/td><td colspan=\"2\" width=\"143\">%2<\/td><\/tr><tr><td colspan=\"5\" width=\"197\">Salt (g)<\/td><td colspan=\"2\">0,25<\/td><td colspan=\"2\">0,11<\/td><td colspan=\"2\" width=\"143\">%2<\/td><\/tr><\/tbody><\/table>\n\t\t\t\t\t\t\t\t\t\t\t\t\t\t\t\t\t\t<\/div>\n\t\t\t\t<\/div>\n\t\t\t\t\t<\/div>\n\t\t\t\t\t\t<\/div>\n\t\t\t\t<\/div>\n\t\t\t\t\t<\/div>\n\t\t<\/div>\n\t\t\t\t\t<\/div>\n\t\t<\/section>\n\t\t\t\t<\/div>","protected":false},"excerpt":{"rendered":"<p>Golf Classic Ger\u00e7ek klasikler hi\u00e7 eskimez! Kakao, \u00e7ilek ve vanilya, sevilen tatlar\u0131yla klasiklerden vazge\u00e7emeyenler i\u00e7in burada! Golf Classic Kakao Kakaonun<\/p>","protected":false},"author":1,"featured_media":0,"parent":0,"menu_order":0,"comment_status":"closed","ping_status":"closed","template":"","meta":{"footnotes":""},"class_list":["post-28201","page","type-page","status-publish","hentry"],"_links":{"self":[{"href":"https:\/\/www.golfdondurma.com.tr\/en\/wp-json\/wp\/v2\/pages\/28201","targetHints":{"allow":["GET"]}}],"collection":[{"href":"https:\/\/www.golfdondurma.com.tr\/en\/wp-json\/wp\/v2\/pages"}],"about":[{"href":"https:\/\/www.golfdondurma.com.tr\/en\/wp-json\/wp\/v2\/types\/page"}],"author":[{"embeddable":true,"href":"https:\/\/www.golfdondurma.com.tr\/en\/wp-json\/wp\/v2\/users\/1"}],"replies":[{"embeddable":true,"href":"https:\/\/www.golfdondurma.com.tr\/en\/wp-json\/wp\/v2\/comments?post=28201"}],"version-history":[{"count":0,"href":"https:\/\/www.golfdondurma.com.tr\/en\/wp-json\/wp\/v2\/pages\/28201\/revisions"}],"wp:attachment":[{"href":"https:\/\/www.golfdondurma.com.tr\/en\/wp-json\/wp\/v2\/media?parent=28201"}],"curies":[{"name":"wp","href":"https:\/\/api.w.org\/{rel}","templated":true}]}}