{"id":28228,"date":"2025-02-06T00:03:04","date_gmt":"2025-02-05T21:03:04","guid":{"rendered":"https:\/\/www.golfdondurma.com.tr\/?page_id=28228"},"modified":"2025-08-13T22:26:26","modified_gmt":"2025-08-13T19:26:26","slug":"golf-junior","status":"publish","type":"page","link":"https:\/\/www.golfdondurma.com.tr\/en\/golf-junior\/","title":{"rendered":"Golf Junior"},"content":{"rendered":"<div data-elementor-type=\"wp-page\" data-elementor-id=\"28228\" class=\"elementor elementor-28228\">\n\t\t\t\t\t\t<section class=\"elementor-section elementor-top-section elementor-element elementor-element-62443449 wd-section-stretch elementor-section-boxed elementor-section-height-default elementor-section-height-default\" data-id=\"62443449\" data-element_type=\"section\" data-e-type=\"section\" data-settings=\"{&quot;background_background&quot;:&quot;classic&quot;}\">\n\t\t\t\t\t\t<div class=\"elementor-container elementor-column-gap-default\">\n\t\t\t\t\t<div class=\"elementor-column elementor-col-100 elementor-top-column elementor-element elementor-element-479ba09b\" data-id=\"479ba09b\" data-element_type=\"column\" data-e-type=\"column\">\n\t\t\t<div class=\"elementor-widget-wrap elementor-element-populated\">\n\t\t\t\t\t\t<div class=\"elementor-element elementor-element-74871478 elementor-widget elementor-widget-spacer\" data-id=\"74871478\" data-element_type=\"widget\" data-e-type=\"widget\" data-widget_type=\"spacer.default\">\n\t\t\t\t\t\t\t<div class=\"elementor-spacer\">\n\t\t\t<div class=\"elementor-spacer-inner\"><\/div>\n\t\t<\/div>\n\t\t\t\t\t\t<\/div>\n\t\t\t\t\t<\/div>\n\t\t<\/div>\n\t\t\t\t\t<\/div>\n\t\t<\/section>\n\t\t\t\t<section class=\"elementor-section elementor-top-section elementor-element elementor-element-1b2b9013 elementor-section-full_width wd-section-stretch elementor-section-height-default elementor-section-height-default\" data-id=\"1b2b9013\" data-element_type=\"section\" data-e-type=\"section\" data-settings=\"{&quot;background_background&quot;:&quot;classic&quot;}\">\n\t\t\t\t\t\t\t<div class=\"elementor-background-overlay\"><\/div>\n\t\t\t\t\t\t\t<div class=\"elementor-container elementor-column-gap-default\">\n\t\t\t\t\t<div class=\"elementor-column elementor-col-100 elementor-top-column elementor-element elementor-element-1a5879e1\" data-id=\"1a5879e1\" data-element_type=\"column\" data-e-type=\"column\" data-settings=\"{&quot;background_background&quot;:&quot;classic&quot;}\">\n\t\t\t<div class=\"elementor-widget-wrap elementor-element-populated\">\n\t\t\t\t\t\t<div class=\"elementor-element elementor-element-4082d585 wd-width-100 elementor-widget elementor-widget-wd_title\" data-id=\"4082d585\" data-element_type=\"widget\" data-e-type=\"widget\" data-widget_type=\"wd_title.default\">\n\t\t\t\t<div class=\"elementor-widget-container\">\n\t\t\t\t\t\t\t<div class=\"title-wrapper wd-set-mb reset-last-child wd-title-color-default wd-title-style-default wd-title-size-large text-center\">\n\n\t\t\t\n\t\t\t<div class=\"liner-continer\">\n\t\t\t\t<h1 class=\"woodmart-title-container title wd-fontsize-xxl\">Golf Junior<\/h1> \n\t\t\t\t\t\t\t<\/div>\n\n\t\t\t\t\t\t\t<div class=\"title-after_title reset-last-child wd-fontsize-s\">\n\t\t\t\t\t<p>Two different flavors on one stick, double the fun! Golf Junior combines your favorite flavors, doubling the taste with every bite.<\/p>\t\t\t\t<\/div>\n\t\t\t\t\t<\/div>\n\t\t\t\t\t\t<\/div>\n\t\t\t\t<\/div>\n\t\t\t\t\t<\/div>\n\t\t<\/div>\n\t\t\t\t\t<\/div>\n\t\t<\/section>\n\t\t\t\t<section class=\"elementor-section elementor-top-section elementor-element elementor-element-62735ad3 wd-section-stretch-content elementor-section-content-middle elementor-section-full_width elementor-section-height-default elementor-section-height-default\" data-id=\"62735ad3\" data-element_type=\"section\" data-e-type=\"section\">\n\t\t\t\t\t\t<div class=\"elementor-container elementor-column-gap-no\">\n\t\t\t\t\t<div class=\"elementor-column elementor-col-50 elementor-top-column elementor-element elementor-element-69754a9e\" data-id=\"69754a9e\" data-element_type=\"column\" data-e-type=\"column\" data-settings=\"{&quot;background_background&quot;:&quot;gradient&quot;}\">\n\t\t\t<div class=\"elementor-widget-wrap elementor-element-populated\">\n\t\t\t\t\t\t<div class=\"elementor-element elementor-element-4613970e elementor-widget elementor-widget-wd_image_or_svg\" data-id=\"4613970e\" data-element_type=\"widget\" data-e-type=\"widget\" data-widget_type=\"wd_image_or_svg.default\">\n\t\t\t\t<div class=\"elementor-widget-container\">\n\t\t\t\t\t\n\t\t<div class=\"wd-image text-center\">\n\t\t\t\t\t\t\t\t<img decoding=\"async\" width=\"675\" height=\"611\" src=\"https:\/\/www.golfdondurma.com.tr\/wp-content\/uploads\/2025\/02\/junior_1-1-675x611.png\" class=\"attachment-675x611 size-675x611\" alt=\"\" \/>\t\t\t\t\t<\/div>\n\n\t\t\t\t\t\t<\/div>\n\t\t\t\t<\/div>\n\t\t\t\t\t<\/div>\n\t\t<\/div>\n\t\t\t\t<div class=\"elementor-column elementor-col-50 elementor-top-column elementor-element elementor-element-c2bbc1\" data-id=\"c2bbc1\" data-element_type=\"column\" data-e-type=\"column\">\n\t\t\t<div class=\"elementor-widget-wrap elementor-element-populated\">\n\t\t\t\t\t\t<div class=\"elementor-element elementor-element-61569ea4 wd-animation-slide-from-top wd-animation-normal wd_delay_100 wd-animation wd-transform elementor-widget elementor-widget-elementskit-heading\" data-id=\"61569ea4\" data-element_type=\"widget\" data-e-type=\"widget\" data-widget_type=\"elementskit-heading.default\">\n\t\t\t\t\t<div class=\"ekit-wid-con\" ><div class=\"ekit-heading elementskit-section-title-wraper text_left   ekit_heading_tablet-   ekit_heading_mobile-\"><h2 class=\"ekit-heading--title elementskit-section-title\"><span><span>Golf<\/span><\/span> Junior Cocoa - Vanilla<\/h2><div class=\"ekit_heading_separetor_wraper ekit_heading_elementskit-border-divider ekit-dotted\"><div class=\"elementskit-border-divider ekit-dotted\"><\/div><\/div>\t\t\t\t<div class='ekit-heading__description'>\n\t\t\t\t\t<p>Cocoa and delicious vanilla together! Two favorite flavors in one stick, a harmonious and delightful taste experience with every bite.<\/p>\n\t\t\t\t<\/div>\n\t\t\t<\/div><\/div>\t\t\t\t<\/div>\n\t\t\t\t<div class=\"elementor-element elementor-element-13785319 wd-animation-slide-from-top wd-animation-normal wd_delay_100 wd-animation wd-transform elementor-widget elementor-widget-wd_accordion\" data-id=\"13785319\" data-element_type=\"widget\" data-e-type=\"widget\" data-widget_type=\"wd_accordion.default\">\n\t\t\t\t<div class=\"elementor-widget-container\">\n\t\t\t\t\t\n\t\t<div class=\"wd-accordion wd-style-default wd-border-off wd-titles-left wd-opener-pos-right wd-opener-style-arrow\" data-state=\"all_closed\">\n\t\t\t\t\t\t\t\n\t\t\t\t<div class=\"wd-accordion-item\">\n\t\t\t\t\t<div class=\"wd-accordion-title wd-role-btn\" data-accordion-index=\"0\" tabindex=\"0\">\n\t\t\t\t\t\t<div class=\"wd-accordion-title-text\">\n\t\t\t\t\t\t\t\t\t\t\t\t\t\t\t<span class=\"img-wrapper\">\n\t\t\t\t\t\t\t\t\t<i class=\"icon icon-animated-flip-box\"><\/i>\t\t\t\t\t\t\t\t<\/span>\n\t\t\t\t\t\t\t\t\t\t\t\t\t\t<span>\n\t\t\t\t\t\t\t\tEnergy and Nutrient Values\t\t\t\t\t\t\t<\/span>\n\t\t\t\t\t\t<\/div>\n\t\t\t\t\t\t<span class=\"wd-accordion-opener\"><\/span>\n\t\t\t\t\t<\/div>\n\n\t\t\t\t\t<div class=\"wd-accordion-content wd-entry-content\" data-accordion-index=\"0\">\n\t\t\t\t\t\t\t\t\t\t\t\t\t\n\t\t\t\t\t\t\t<table width=\"655\"><tbody><tr><td colspan=\"5\" width=\"207\">Energy and Nutrient Values<\/td><td colspan=\"2\" width=\"164\">For 100 g<\/td><td colspan=\"2\" width=\"158\">For 1 serving (36 g)<\/td><td colspan=\"3\" width=\"126\">RA* per serving (36 g)<\/td><\/tr><tr><td colspan=\"5\" width=\"207\">Energy (kJ\/kcal)<\/td><td colspan=\"2\">1041\/249<\/td><td colspan=\"2\">375\/90<\/td><td colspan=\"3\" width=\"126\">%5<\/td><\/tr><tr><td colspan=\"5\" width=\"207\">Fat (g)<\/td><td colspan=\"2\">15<\/td><td colspan=\"2\">5,4<\/td><td colspan=\"3\" width=\"126\">%8<\/td><\/tr><tr><td colspan=\"5\" width=\"207\">\u00a0- Saturated fat (g)<\/td><td colspan=\"2\">9,8<\/td><td colspan=\"2\">3,5<\/td><td colspan=\"3\" width=\"126\">%18<\/td><\/tr><tr><td colspan=\"5\" width=\"207\">Carbohydrate (g)<\/td><td colspan=\"2\">26<\/td><td colspan=\"2\">9,4<\/td><td colspan=\"3\" width=\"126\">%4<\/td><\/tr><tr><td colspan=\"5\" width=\"207\">\u00a0- Sugars (g)<\/td><td colspan=\"2\">25<\/td><td colspan=\"2\">9,0<\/td><td colspan=\"3\" width=\"126\">%10<\/td><\/tr><tr><td colspan=\"5\" width=\"207\">Protein (g)<\/td><td colspan=\"2\">2,6<\/td><td colspan=\"2\">0,9<\/td><td colspan=\"3\" width=\"126\">%2<\/td><\/tr><tr><td colspan=\"5\" width=\"207\">Salt (g)<\/td><td colspan=\"2\">0,25<\/td><td colspan=\"2\">0,09<\/td><td colspan=\"3\" width=\"126\">%2<\/td><\/tr><\/tbody><\/table>\n\t\t\t\t\t\t\t\t\t\t\t\t\t\t\t\t\t\t<\/div>\n\t\t\t\t<\/div>\n\t\t\t\t\t<\/div>\n\t\t\t\t\t\t<\/div>\n\t\t\t\t<\/div>\n\t\t\t\t\t<\/div>\n\t\t<\/div>\n\t\t\t\t\t<\/div>\n\t\t<\/section>\n\t\t\t\t<section class=\"elementor-section elementor-top-section elementor-element elementor-element-7a4f9229 wd-section-stretch-content elementor-section-content-middle elementor-reverse-mobile elementor-section-full_width elementor-section-height-default elementor-section-height-default\" data-id=\"7a4f9229\" data-element_type=\"section\" data-e-type=\"section\">\n\t\t\t\t\t\t<div class=\"elementor-container elementor-column-gap-no\">\n\t\t\t\t\t<div class=\"elementor-column elementor-col-50 elementor-top-column elementor-element elementor-element-199fe44b\" data-id=\"199fe44b\" data-element_type=\"column\" data-e-type=\"column\">\n\t\t\t<div class=\"elementor-widget-wrap elementor-element-populated\">\n\t\t\t\t\t\t<div class=\"elementor-element elementor-element-73e44b67 wd-animation-slide-from-top wd-animation-normal wd_delay_100 wd-animation wd-transform elementor-widget elementor-widget-elementskit-heading\" data-id=\"73e44b67\" data-element_type=\"widget\" data-e-type=\"widget\" data-widget_type=\"elementskit-heading.default\">\n\t\t\t\t\t<div class=\"ekit-wid-con\" ><div class=\"ekit-heading elementskit-section-title-wraper text_right   ekit_heading_tablet-   ekit_heading_mobile-\"><h2 class=\"ekit-heading--title elementskit-section-title\"><span><span>Golf<\/span><\/span> Junior Strawberry - Vanilla<\/h2><div class=\"ekit_heading_separetor_wraper ekit_heading_elementskit-border-divider ekit-dotted\"><div class=\"elementskit-border-divider ekit-dotted\"><\/div><\/div>\t\t\t\t<div class='ekit-heading__description'>\n\t\t\t\t\t<p>The energy of strawberry is balanced with the soft touch of vanilla! Two different flavors in one stick, doubling the taste.<\/p>\n\t\t\t\t<\/div>\n\t\t\t<\/div><\/div>\t\t\t\t<\/div>\n\t\t\t\t<div class=\"elementor-element elementor-element-72b7b908 elementor-widget elementor-widget-wd_accordion\" data-id=\"72b7b908\" data-element_type=\"widget\" data-e-type=\"widget\" data-widget_type=\"wd_accordion.default\">\n\t\t\t\t<div class=\"elementor-widget-container\">\n\t\t\t\t\t\n\t\t<div class=\"wd-accordion wd-style-default wd-border-off wd-titles-right wd-opener-pos-right wd-opener-style-arrow\" data-state=\"all_closed\">\n\t\t\t\t\t\t\t\n\t\t\t\t<div class=\"wd-accordion-item\">\n\t\t\t\t\t<div class=\"wd-accordion-title wd-role-btn\" data-accordion-index=\"0\" tabindex=\"0\">\n\t\t\t\t\t\t<div class=\"wd-accordion-title-text\">\n\t\t\t\t\t\t\t\t\t\t\t\t\t\t\t<span class=\"img-wrapper\">\n\t\t\t\t\t\t\t\t\t<i class=\"icon icon-animated-flip-box\"><\/i>\t\t\t\t\t\t\t\t<\/span>\n\t\t\t\t\t\t\t\t\t\t\t\t\t\t<span>\n\t\t\t\t\t\t\t\tEnergy and Nutrient Values\t\t\t\t\t\t\t<\/span>\n\t\t\t\t\t\t<\/div>\n\t\t\t\t\t\t<span class=\"wd-accordion-opener\"><\/span>\n\t\t\t\t\t<\/div>\n\n\t\t\t\t\t<div class=\"wd-accordion-content wd-entry-content\" data-accordion-index=\"0\">\n\t\t\t\t\t\t\t\t\t\t\t\t\t\n\t\t\t\t\t\t\t<table width=\"658\"><tbody><tr><td colspan=\"5\" width=\"210\">Energy and Nutrient Values<\/td><td colspan=\"2\" width=\"164\">For 100 g<\/td><td colspan=\"2\" width=\"158\">For 1 serving (36 g)<\/td><td colspan=\"3\" width=\"126\">RA* per serving (36 g)<\/td><\/tr><tr><td colspan=\"5\" width=\"210\">Energy (kJ\/kcal)<\/td><td colspan=\"2\">1036\/248<\/td><td colspan=\"2\">373\/89<\/td><td colspan=\"3\" width=\"126\">%4<\/td><\/tr><tr><td colspan=\"5\" width=\"210\">Fat (g)<\/td><td colspan=\"2\">15<\/td><td colspan=\"2\">5,4<\/td><td colspan=\"3\" width=\"126\">%8<\/td><\/tr><tr><td colspan=\"5\" width=\"210\">\u00a0- Saturated fat (g)<\/td><td colspan=\"2\">9,6<\/td><td colspan=\"2\">3,5<\/td><td colspan=\"3\" width=\"126\">%18<\/td><\/tr><tr><td colspan=\"5\" width=\"210\">Carbohydrate (g)<\/td><td colspan=\"2\">26<\/td><td colspan=\"2\">9,4<\/td><td colspan=\"3\" width=\"126\">%4<\/td><\/tr><tr><td colspan=\"5\" width=\"210\">\u00a0- Sugars (g)<\/td><td colspan=\"2\">26<\/td><td colspan=\"2\">9,4<\/td><td colspan=\"3\" width=\"126\">%10<\/td><\/tr><tr><td colspan=\"5\" width=\"210\">Protein (g)<\/td><td colspan=\"2\">2,3<\/td><td colspan=\"2\">0,8<\/td><td colspan=\"3\" width=\"126\">%2<\/td><\/tr><tr><td colspan=\"5\" width=\"210\">Salt (g)<\/td><td colspan=\"2\">0,25<\/td><td colspan=\"2\">0,09<\/td><td colspan=\"3\" width=\"126\">%2<\/td><\/tr><\/tbody><\/table>\n\t\t\t\t\t\t\t\t\t\t\t\t\t\t\t\t\t\t<\/div>\n\t\t\t\t<\/div>\n\t\t\t\t\t<\/div>\n\t\t\t\t\t\t<\/div>\n\t\t\t\t<\/div>\n\t\t\t\t\t<\/div>\n\t\t<\/div>\n\t\t\t\t<div class=\"elementor-column elementor-col-50 elementor-top-column elementor-element elementor-element-642d10d7\" data-id=\"642d10d7\" data-element_type=\"column\" data-e-type=\"column\" data-settings=\"{&quot;background_background&quot;:&quot;gradient&quot;}\">\n\t\t\t<div class=\"elementor-widget-wrap elementor-element-populated\">\n\t\t\t\t\t\t<div class=\"elementor-element elementor-element-1734e839 elementor-widget elementor-widget-wd_image_or_svg\" data-id=\"1734e839\" data-element_type=\"widget\" data-e-type=\"widget\" data-widget_type=\"wd_image_or_svg.default\">\n\t\t\t\t<div class=\"elementor-widget-container\">\n\t\t\t\t\t\n\t\t<div class=\"wd-image text-center\">\n\t\t\t\t\t\t\t\t<img decoding=\"async\" width=\"675\" height=\"611\" src=\"https:\/\/www.golfdondurma.com.tr\/wp-content\/uploads\/2025\/02\/junior_2-1-675x611.png\" class=\"attachment-675x611 size-675x611\" alt=\"\" \/>\t\t\t\t\t<\/div>\n\n\t\t\t\t\t\t<\/div>\n\t\t\t\t<\/div>\n\t\t\t\t\t<\/div>\n\t\t<\/div>\n\t\t\t\t\t<\/div>\n\t\t<\/section>\n\t\t\t\t<\/div>","protected":false},"excerpt":{"rendered":"<p>Golf Junior Tek \u00e7ubukta iki farkl\u0131 lezzet, iki kat e\u011flence! Golf Junior, en sevilen tatlar\u0131 bir araya getirerek her \u0131s\u0131r\u0131kta<\/p>","protected":false},"author":1,"featured_media":0,"parent":0,"menu_order":0,"comment_status":"closed","ping_status":"closed","template":"","meta":{"footnotes":""},"class_list":["post-28228","page","type-page","status-publish","hentry"],"_links":{"self":[{"href":"https:\/\/www.golfdondurma.com.tr\/en\/wp-json\/wp\/v2\/pages\/28228","targetHints":{"allow":["GET"]}}],"collection":[{"href":"https:\/\/www.golfdondurma.com.tr\/en\/wp-json\/wp\/v2\/pages"}],"about":[{"href":"https:\/\/www.golfdondurma.com.tr\/en\/wp-json\/wp\/v2\/types\/page"}],"author":[{"embeddable":true,"href":"https:\/\/www.golfdondurma.com.tr\/en\/wp-json\/wp\/v2\/users\/1"}],"replies":[{"embeddable":true,"href":"https:\/\/www.golfdondurma.com.tr\/en\/wp-json\/wp\/v2\/comments?post=28228"}],"version-history":[{"count":0,"href":"https:\/\/www.golfdondurma.com.tr\/en\/wp-json\/wp\/v2\/pages\/28228\/revisions"}],"wp:attachment":[{"href":"https:\/\/www.golfdondurma.com.tr\/en\/wp-json\/wp\/v2\/media?parent=28228"}],"curies":[{"name":"wp","href":"https:\/\/api.w.org\/{rel}","templated":true}]}}