{"id":3,"date":"2023-07-27T14:45:21","date_gmt":"2023-07-27T14:45:21","guid":{"rendered":"https:\/\/demo.responsive.com.tr\/?page_id=3"},"modified":"2025-12-01T15:42:04","modified_gmt":"2025-12-01T12:42:04","slug":"cookie-policy-3","status":"publish","type":"page","link":"https:\/\/www.golfdondurma.com.tr\/en\/cookie-policy-3\/","title":{"rendered":"Cookie Policy"},"content":{"rendered":"<div data-elementor-type=\"wp-page\" data-elementor-id=\"3\" class=\"elementor elementor-3\">\n\t\t\t\t\t\t<section class=\"elementor-section elementor-top-section elementor-element elementor-element-7027db40 elementor-section-full_width wd-section-stretch elementor-section-height-default elementor-section-height-default\" data-id=\"7027db40\" data-element_type=\"section\" data-e-type=\"section\">\n\t\t\t\t\t\t<div class=\"elementor-container elementor-column-gap-default\">\n\t\t\t\t\t<div class=\"elementor-column elementor-col-50 elementor-top-column elementor-element elementor-element-110acc5f wd-elementor-sticky-column wd_sticky_offset_100\" data-id=\"110acc5f\" data-element_type=\"column\" data-e-type=\"column\">\n\t\t\t<div class=\"elementor-widget-wrap elementor-element-populated\">\n\t\t\t\t\t\t<div class=\"elementor-element elementor-element-c5fcc08 elementor-widget elementor-widget-wd_mega_menu\" data-id=\"c5fcc08\" data-element_type=\"widget\" data-e-type=\"widget\" data-widget_type=\"wd_mega_menu.default\">\n\t\t\t\t<div class=\"elementor-widget-container\">\n\t\t\t\t\t\t\t<div class=\"wd-menu widget_nav_mega_menu wd-nav-wrapper\">\n\t\t\t\t\t\t\t<h5 class=\"widget-title color-scheme-\">\n\t\t\t\t\tINSTITUTIONAL\t\t\t\t<\/h5>\n\t\t\t\t\t\t<ul id=\"menu-kurumsal\" class=\"menu wd-nav wd-nav-vertical wd-design-default\"><li id=\"menu-item-16659\" class=\"menu-item menu-item-type-post_type menu-item-object-page menu-item-16659 item-level-0 menu-simple-dropdown wd-event-hover\" ><a href=\"https:\/\/www.golfdondurma.com.tr\/en\/about-us\/\" class=\"woodmart-nav-link\"><span class=\"nav-link-text\">About Us<\/span><\/a><\/li>\n<li id=\"menu-item-16658\" class=\"menu-item menu-item-type-post_type menu-item-object-page menu-item-16658 item-level-0 menu-simple-dropdown wd-event-hover\" ><a href=\"https:\/\/www.golfdondurma.com.tr\/en\/cookie-policy-3\/\" class=\"woodmart-nav-link\"><span class=\"nav-link-text\">Cookie Policy<\/span><\/a><\/li>\n<li id=\"menu-item-16673\" class=\"menu-item menu-item-type-post_type menu-item-object-page menu-item-privacy-policy menu-item-16673 item-level-0 menu-simple-dropdown wd-event-hover\" ><a href=\"https:\/\/www.golfdondurma.com.tr\/en\/kvkk-personal-data-protection-law-information-text\/\" class=\"woodmart-nav-link\"><span class=\"nav-link-text\">Personal Data Protection Law (KVKK) Information Text<\/span><\/a><\/li>\n<li id=\"menu-item-16680\" class=\"menu-item menu-item-type-post_type menu-item-object-page menu-item-16680 item-level-0 menu-simple-dropdown wd-event-hover\" ><a href=\"https:\/\/www.golfdondurma.com.tr\/en\/personal-data-protection-and-processing-policy-4\/\" class=\"woodmart-nav-link\"><span class=\"nav-link-text\">Personal Data Protection and Processing Policy<\/span><\/a><\/li>\n<li id=\"menu-item-19621\" class=\"menu-item menu-item-type-post_type menu-item-object-page menu-item-19621 item-level-0 menu-simple-dropdown wd-event-hover\" ><a href=\"https:\/\/www.golfdondurma.com.tr\/en\/information-society-services\/\" class=\"woodmart-nav-link\"><span class=\"nav-link-text\">Information Society Services<\/span><\/a><\/li>\n<li id=\"menu-item-17943\" class=\"menu-item menu-item-type-post_type menu-item-object-page menu-item-17943 item-level-0 menu-simple-dropdown wd-event-hover\" ><a href=\"https:\/\/www.golfdondurma.com.tr\/en\/fsek\/\" class=\"woodmart-nav-link\"><span class=\"nav-link-text\">FSEK<\/span><\/a><\/li>\n<li id=\"menu-item-16660\" class=\"menu-item menu-item-type-post_type menu-item-object-page menu-item-16660 item-level-0 menu-simple-dropdown wd-event-hover\" ><a href=\"https:\/\/www.golfdondurma.com.tr\/en\/contact-us\/\" class=\"woodmart-nav-link\"><span class=\"nav-link-text\">Contact Us<\/span><\/a><\/li>\n<\/ul>\t\t<\/div>\n\t\t\t\t\t\t<\/div>\n\t\t\t\t<\/div>\n\t\t\t\t\t<\/div>\n\t\t<\/div>\n\t\t\t\t<div class=\"elementor-column elementor-col-50 elementor-top-column elementor-element elementor-element-9411151\" data-id=\"9411151\" data-element_type=\"column\" data-e-type=\"column\">\n\t\t\t<div class=\"elementor-widget-wrap elementor-element-populated\">\n\t\t\t\t\t\t<div class=\"elementor-element elementor-element-bee8372 color-scheme-inherit text-left elementor-widget elementor-widget-text-editor\" data-id=\"bee8372\" data-element_type=\"widget\" data-e-type=\"widget\" data-widget_type=\"text-editor.default\">\n\t\t\t\t\t\t\t\t\t\n<h4 class=\"wp-block-heading\">GENERAL<\/h4>\n<p>Belonging to Natura G\u0131da San ve Tic A.\u015e and Golf G\u0131da San Tic A\u015e <a href=\"http:\/\/www.golfdondurma.com.tr\/en\/\">www.golfdondurma.com.tr,<\/a> We use various cookies on our websites to optimize your usage and improve your user experience.<\/p>\n<p>Cookies are small data files sent from the internet server to users&#039; devices via the internet browser being used. Websites use these cookies to recognize users, and the lifespan of cookies varies depending on browser settings.<\/p>\n<p>These cookies are created through systems managed by Natura G\u0131da San ve Tic A\u015e and Golf G\u0131da San Tic A\u015e, but some service providers authorized by Natura G\u0131da San ve Tic A\u015e and Golf G\u0131da San Tic A\u015e may also obtain information such as IP address, unique identifier, and device identifier by placing similar technologies on users&#039; devices. Furthermore, <a href=\"http:\/\/www.golfdondurma.com.tr\/en\/\">www.golfdondurma.com.tr<\/a>\u00a0Links to third-party websites found on our systems are subject to the privacy policies of those third parties, and Natura G\u0131da San ve Tic A\u015e and Golf G\u0131da San Tic A\u015e are not responsible for their privacy practices. Therefore, it is recommended to read the privacy policy of the relevant website when visiting a website linked to such a website.<\/p>\n<h4>TYPES OF COOKIES<\/h4>\n<p>Cookies, whose main purpose is to provide convenience to users, are basically grouped into 4 main categories:<\/p>\n<ul>\n<li><strong>Session Cookies (Mandatory Cookies): <\/strong>Cookies are used to enable various features such as the transfer of information between web pages and the systematic remembering of information entered by the user. They are essential for the proper functioning of the corporate websites of Natura G\u0131da San ve Tic A\u015e and Golf G\u0131da San Tic A\u015e.<\/li>\n<li><strong>Performance Cookies: <\/strong>Cookies collect information about page visit frequency, potential error messages, total time users spend on a page, and site usage patterns, and are used to improve the performance of the Natura G\u0131da San ve Tic A\u015e and Golf G\u0131da San Tic A\u015e corporate websites.<\/li>\n<li><strong>Functional Cookies: <\/strong>These cookies are used to remember previously selected options for the convenience of the user. Natura G\u0131da San ve Tic A\u015e and Golf G\u0131da San Tic A\u015e use these cookies to provide users with enhanced internet features through their corporate websites.<\/li>\n<li><strong>Advert<\/strong> <strong>And<\/strong> <strong>Third<\/strong> <strong>Side<\/strong> <strong>Cookies:<\/strong> These are cookies from third-party suppliers. They enable the use of certain functions on the Natura G\u0131da San ve Tic A\u015e and Golf G\u0131da San Tic A\u015e corporate websites and allow for advertising tracking.<\/li>\n<\/ul>\n<h4>PURPOSES OF USING COOKIES<\/h4>\n<p><a href=\"http:\/\/www.golfdondurma.com.tr\/en\/\">www.golfdondurma.com.tr<\/a>\u00a0The purposes of the cookies used by [Company Name] are as follows:<\/p>\n<ul>\n<li><strong>Operational uses: <\/strong><a href=\"http:\/\/www.golfdondurma.com.tr\/en\/\">golfdondurma.com.tr,<\/a> \u00a0To manage and ensure the security of its systems, this site may use cookies that enable you to use its functions or detect irregular behavior.<\/li>\n<li><strong>Uses related to functionality: <\/strong><a href=\"http:\/\/www.golfdondurma.com.tr\/en\/\">golfdondurma.com.tr<\/a>\u00a0To facilitate the use of its systems and to provide user-specific features, it may use cookies that remember users&#039; information and past choices.<\/li>\n<li><strong>Performance-related uses: <\/strong><a href=\"http:\/\/www.golfdondurma.com.tr\/en\/\">golfdondurma.com.tr<\/a>\u00a0To improve and measure the performance of its systems, it may use cookies that evaluate and analyze interaction with sent messages and user behavior.<\/li>\n<li><strong>Uses for advertising purposes: <\/strong><a href=\"http:\/\/www.golfdondurma.com.tr\/en\/\">golfdondurma.com.tr<\/a>\u00a0The company may use cookies to deliver advertisements and similar content tailored to users&#039; interests through its own or third-party systems, and to measure the effectiveness of these advertisements or analyze click-through rates.<\/li>\n<\/ul>\n<h4>DISABLE COOKIES<\/h4>\n<p>Cookie usage is enabled by default in many browsers, and users can change this setting in their browser settings, thus deleting existing cookies and rejecting future cookie usage; however, if cookie usage is disabled... <a href=\"http:\/\/www.golfdondurma.com.tr\/en\/\">www.golfdondurma.com.tr,<\/a> It is possible that some features in their systems may not be available.<\/p>\n<p>If you do not want cookies to be used, session cookies can be rejected by following the instructions in your internet browser&#039;s &quot;help&quot; file. More detailed information about cookies and their uses can also be found on the same websites. Even if cookies are rejected, you can still continue to use the website.<\/p>\n<h4>YOUR REQUESTS AND QUESTIONS<strong>\u00a0<\/strong><\/h4>\n<p>The stored information will be removed when the legally or contractually defined filing period expires, or <a href=\"http:\/\/www.golfdondurma.com.tr\/en\/\">www.golfdondurma.com.tr<\/a>\u2018Your information will be deleted by the systems if it is no longer needed. However, you can request the deletion of your information at any time. In such cases, or for any other questions regarding your personal information, you can get quick and easy support by filling out the contact form on our website www.golfdondurma.com.tr or by calling our contact center at 0850 222 46 53. You can also contact us using the same method for questions regarding the storage of your information and the areas in which this information is used. While the legal response time for your requests is 30 days, you can be assured that we will do our best to respond to you in a shorter time.<\/p>\n\t\t\t\t\t\t\t\t<\/div>\n\t\t\t\t\t<\/div>\n\t\t<\/div>\n\t\t\t\t\t<\/div>\n\t\t<\/section>\n\t\t\t\t<\/div>","protected":false},"excerpt":{"rendered":"<p>CORPORATE About Us Cookie Policy GDPR Disclosure Statement Personal Data Protection and Processing Policy Information Society Services FSEK Contact GENERAL Natura<\/p>","protected":false},"author":1,"featured_media":0,"parent":0,"menu_order":0,"comment_status":"closed","ping_status":"open","template":"","meta":{"footnotes":""},"class_list":["post-3","page","type-page","status-publish","hentry"],"_links":{"self":[{"href":"https:\/\/www.golfdondurma.com.tr\/en\/wp-json\/wp\/v2\/pages\/3","targetHints":{"allow":["GET"]}}],"collection":[{"href":"https:\/\/www.golfdondurma.com.tr\/en\/wp-json\/wp\/v2\/pages"}],"about":[{"href":"https:\/\/www.golfdondurma.com.tr\/en\/wp-json\/wp\/v2\/types\/page"}],"author":[{"embeddable":true,"href":"https:\/\/www.golfdondurma.com.tr\/en\/wp-json\/wp\/v2\/users\/1"}],"replies":[{"embeddable":true,"href":"https:\/\/www.golfdondurma.com.tr\/en\/wp-json\/wp\/v2\/comments?post=3"}],"version-history":[{"count":0,"href":"https:\/\/www.golfdondurma.com.tr\/en\/wp-json\/wp\/v2\/pages\/3\/revisions"}],"wp:attachment":[{"href":"https:\/\/www.golfdondurma.com.tr\/en\/wp-json\/wp\/v2\/media?parent=3"}],"curies":[{"name":"wp","href":"https:\/\/api.w.org\/{rel}","templated":true}]}}