{"id":37416,"date":"2026-03-12T14:50:45","date_gmt":"2026-03-12T11:50:45","guid":{"rendered":"https:\/\/www.golfdondurma.com.tr\/?page_id=37416"},"modified":"2026-03-27T19:34:33","modified_gmt":"2026-03-27T16:34:33","slug":"golf-marasim-ice-cream","status":"publish","type":"page","link":"https:\/\/www.golfdondurma.com.tr\/en\/golf-marasim-ice-cream\/","title":{"rendered":"Golf Mara\u015f Ice Cream"},"content":{"rendered":"<div data-elementor-type=\"wp-page\" data-elementor-id=\"37416\" class=\"elementor elementor-37416\">\n\t\t\t\t<div class=\"elementor-element elementor-element-263f474 e-con-full e-flex e-con e-parent\" data-id=\"263f474\" data-element_type=\"container\" data-e-type=\"container\">\n\t\t\t\t<div class=\"elementor-element elementor-element-11ccada wd-width-100 elementor-widget elementor-widget-wd_title\" data-id=\"11ccada\" data-element_type=\"widget\" data-e-type=\"widget\" data-widget_type=\"wd_title.default\">\n\t\t\t\t<div class=\"elementor-widget-container\">\n\t\t\t\t\t\t\t<div class=\"title-wrapper wd-set-mb reset-last-child wd-title-color-primary wd-title-style-simple wd-title-size-default text-left\">\n\n\t\t\t\n\t\t\t<div class=\"liner-continer\">\n\t\t\t\t<h4 class=\"woodmart-title-container title wd-fontsize-l\">Golf Mara\u015f\u0131m<\/h4> \n\t\t\t\t\t\t\t<\/div>\n\n\t\t\t\t\t\t\t<div class=\"title-after_title reset-last-child wd-fontsize-xs\">\n\t\t\t\t\t<p><strong>Golf Mara\u015f\u0131m<\/strong>, This is a special product family inspired by the long-standing ice cream tradition of Kahramanmara\u015f. With its high milk content, carefully developed formula, and expertly executed production process, it delivers the unique stretchy texture and distinctive milky flavor of Mara\u015f ice cream in every spoonful.<\/p><p>Golf Mara\u015f\u0131m products, produced in Kahramanmara\u015f, offer the traditional Mara\u015f ice cream flavor in varieties that appeal to different tastes. Thus, Golf Mara\u015f\u0131m creates a rich world of ice cream for those who want to experience a long-standing flavor with different interpretations.<\/p><p>One of the family&#039;s standout products <strong>Golf Mara\u015f\u0131m %81 S\u00fctl\u00fc<\/strong>, ...while highlighting the flavor of milk with its high milk content; <strong>Golf Mara\u015f\u0131m Kaymakl\u0131m<\/strong>, It combines the flavor of cream with the stretchy texture characteristic of Mara\u015f ice cream, adding a unique twist to this experience.<\/p>\t\t\t\t<\/div>\n\t\t\t\t\t<\/div>\n\t\t\t\t\t\t<\/div>\n\t\t\t\t<\/div>\n\t\t\t\t<\/div>\n\t\t<div class=\"elementor-element elementor-element-334f6e2b e-con-full e-flex e-con e-parent\" data-id=\"334f6e2b\" data-element_type=\"container\" data-e-type=\"container\">\n\t\t<div class=\"elementor-element elementor-element-1d98ea9a e-con-full e-flex e-con e-child\" data-id=\"1d98ea9a\" data-element_type=\"container\" data-e-type=\"container\">\n\t\t\t\t<div class=\"elementor-element elementor-element-3e0b43fc elementor-widget elementor-widget-wd_image_or_svg\" data-id=\"3e0b43fc\" data-element_type=\"widget\" data-e-type=\"widget\" data-widget_type=\"wd_image_or_svg.default\">\n\t\t\t\t<div class=\"elementor-widget-container\">\n\t\t\t\t\t\n\t\t<div class=\"wd-image text-center\">\n\t\t\t\t\t\t\t<a  href=\"\/en\/product-category\/golf-marasim\/\" aria-label=\"Image link\">\n\t\t\t\t\t\t\t\t<img loading=\"lazy\" decoding=\"async\" width=\"700\" height=\"500\" src=\"https:\/\/www.golfdondurma.com.tr\/wp-content\/uploads\/2026\/03\/mrt26-700x500.avif\" class=\"attachment-700x500 size-700x500\" alt=\"\" \/>\t\t\t\t\t\t\t<\/a>\n\t\t\t\t\t<\/div>\n\n\t\t\t\t\t\t<\/div>\n\t\t\t\t<\/div>\n\t\t\t\t<\/div>\n\t\t<div class=\"elementor-element elementor-element-87eff71 e-con-full e-flex e-con e-child\" data-id=\"87eff71\" data-element_type=\"container\" data-e-type=\"container\">\n\t\t\t\t<div class=\"elementor-element elementor-element-51ac0b3 elementor-widget elementor-widget-wd_image_or_svg\" data-id=\"51ac0b3\" data-element_type=\"widget\" data-e-type=\"widget\" data-widget_type=\"wd_image_or_svg.default\">\n\t\t\t\t<div class=\"elementor-widget-container\">\n\t\t\t\t\t\n\t\t<div class=\"wd-image text-center\">\n\t\t\t\t\t\t\t<a  href=\"\/en\/product-category\/golf-cream\/\" aria-label=\"Image link\">\n\t\t\t\t\t\t\t\t<img loading=\"lazy\" decoding=\"async\" width=\"700\" height=\"500\" src=\"https:\/\/www.golfdondurma.com.tr\/wp-content\/uploads\/2026\/02\/kymk-700x500.png\" class=\"attachment-700x500 size-700x500\" alt=\"Golf Mara\u015f\u0131m Kaymakl\u0131m Kaymak\" srcset=\"https:\/\/www.golfdondurma.com.tr\/wp-content\/uploads\/2026\/02\/kymk-700x500.png 700w, https:\/\/www.golfdondurma.com.tr\/wp-content\/uploads\/2026\/02\/kymk-400x286.png 400w, https:\/\/www.golfdondurma.com.tr\/wp-content\/uploads\/2026\/02\/kymk-1120x800.png 1120w, https:\/\/www.golfdondurma.com.tr\/wp-content\/uploads\/2026\/02\/kymk-768x549.png 768w, https:\/\/www.golfdondurma.com.tr\/wp-content\/uploads\/2026\/02\/kymk-1536x1097.png 1536w, https:\/\/www.golfdondurma.com.tr\/wp-content\/uploads\/2026\/02\/kymk-18x12.png 18w, https:\/\/www.golfdondurma.com.tr\/wp-content\/uploads\/2026\/02\/kymk-430x307.png 430w, https:\/\/www.golfdondurma.com.tr\/wp-content\/uploads\/2026\/02\/kymk-150x107.png 150w, https:\/\/www.golfdondurma.com.tr\/wp-content\/uploads\/2026\/02\/kymk.png 1894w\" sizes=\"auto, (max-width: 700px) 100vw, 700px\" \/>\t\t\t\t\t\t\t<\/a>\n\t\t\t\t\t<\/div>\n\n\t\t\t\t\t\t<\/div>\n\t\t\t\t<\/div>\n\t\t\t\t<\/div>\n\t\t\t\t<\/div>\n\t\t\t\t<\/div>","protected":false},"excerpt":{"rendered":"<p>Golf Mara\u015f\u0131m is a special product family inspired by the long-standing ice cream tradition of Kahramanmara\u015f. Its high milk content and carefully developed formula...<\/p>","protected":false},"author":1,"featured_media":0,"parent":0,"menu_order":0,"comment_status":"closed","ping_status":"closed","template":"","meta":{"footnotes":""},"class_list":["post-37416","page","type-page","status-publish","hentry"],"_links":{"self":[{"href":"https:\/\/www.golfdondurma.com.tr\/en\/wp-json\/wp\/v2\/pages\/37416","targetHints":{"allow":["GET"]}}],"collection":[{"href":"https:\/\/www.golfdondurma.com.tr\/en\/wp-json\/wp\/v2\/pages"}],"about":[{"href":"https:\/\/www.golfdondurma.com.tr\/en\/wp-json\/wp\/v2\/types\/page"}],"author":[{"embeddable":true,"href":"https:\/\/www.golfdondurma.com.tr\/en\/wp-json\/wp\/v2\/users\/1"}],"replies":[{"embeddable":true,"href":"https:\/\/www.golfdondurma.com.tr\/en\/wp-json\/wp\/v2\/comments?post=37416"}],"version-history":[{"count":0,"href":"https:\/\/www.golfdondurma.com.tr\/en\/wp-json\/wp\/v2\/pages\/37416\/revisions"}],"wp:attachment":[{"href":"https:\/\/www.golfdondurma.com.tr\/en\/wp-json\/wp\/v2\/media?parent=37416"}],"curies":[{"name":"wp","href":"https:\/\/api.w.org\/{rel}","templated":true}]}}