{"id":31523,"date":"2025-06-30T17:47:51","date_gmt":"2025-06-30T14:47:51","guid":{"rendered":"https:\/\/www.golfdondurma.com.tr\/?post_type=product&#038;p=31523"},"modified":"2026-01-02T09:46:29","modified_gmt":"2026-01-02T06:46:29","slug":"golf-marasim-plain-milk-juice-650-ml","status":"publish","type":"product","link":"https:\/\/www.golfdondurma.com.tr\/en\/product\/golf-marasim-plain-milk-juice-650-ml\/","title":{"rendered":"Golf Mara\u015f\u0131m %81 S\u00fctl\u00fc Sade 650 mL"},"content":{"rendered":"","protected":false},"excerpt":{"rendered":"<p><span style=\"font-weight: 400;\">Bu lezzet halis muhlis Mara\u015fl\u0131. Kahramanmara\u015f\u2019\u0131n havas\u0131n\u0131, suyunu ve ustal\u0131\u011f\u0131n\u0131 her ka\u015f\u0131\u011f\u0131nda hissettiren bu e\u015fsiz dondurma, do\u011fall\u0131k ve lezzetin bulu\u015ftu\u011fu yerde %81 s\u00fct i\u00e7eri\u011fiyle ve \u00dcst\u00fcn Lezzet \u00d6d\u00fcl\u00fc ile sizlerle.<\/span><\/p>\n<link rel=\"stylesheet\" id=\"elementor-post-32599-css\" href=\"https:\/\/www.golfdondurma.com.tr\/wp-content\/uploads\/elementor\/css\/post-32599.css?ver=1776008862\" type=\"text\/css\" media=\"all\">\n<div data-elementor-type=\"wp-post\" data-elementor-id=\"32599\" class=\"elementor elementor-32599\">\n<section class=\"elementor-section elementor-inner-section elementor-element elementor-element-a463ee8 elementor-section-full_width elementor-section-height-default elementor-section-height-default\" data-id=\"a463ee8\" data-element_type=\"section\" data-e-type=\"section\">\n<div class=\"elementor-container elementor-column-gap-default\">\n<div class=\"elementor-column elementor-col-50 elementor-inner-column elementor-element elementor-element-7eb1ffe\" data-id=\"7eb1ffe\" data-element_type=\"column\" data-e-type=\"column\">\n<div class=\"elementor-widget-wrap elementor-element-populated\">\n<div class=\"elementor-element elementor-element-1bd1ef8 elementor-widget__width-initial elementor-widget elementor-widget-wd_image_or_svg\" data-id=\"1bd1ef8\" data-element_type=\"widget\" data-e-type=\"widget\" data-widget_type=\"wd_image_or_svg.default\">\n<div class=\"elementor-widget-container\">\n<div class=\"wd-image text-center\">\n\t\t\t\t\t\t\t\t<img width=\"30\" height=\"30\" src=\"https:\/\/www.golfdondurma.com.tr\/wp-content\/uploads\/2024\/03\/getir-30x30.png\" class=\"attachment-30x30 size-30x30\" alt=\"\" decoding=\"async\" srcset=\"https:\/\/www.golfdondurma.com.tr\/wp-content\/uploads\/2024\/03\/getir-30x30.png 30w, https:\/\/www.golfdondurma.com.tr\/wp-content\/uploads\/2024\/03\/getir-300x300.png 300w, https:\/\/www.golfdondurma.com.tr\/wp-content\/uploads\/2024\/03\/getir-800x800.png 800w, https:\/\/www.golfdondurma.com.tr\/wp-content\/uploads\/2024\/03\/getir-150x150.png 150w, https:\/\/www.golfdondurma.com.tr\/wp-content\/uploads\/2024\/03\/getir-768x768.png 768w, https:\/\/www.golfdondurma.com.tr\/wp-content\/uploads\/2024\/03\/getir-50x50.png 50w, https:\/\/www.golfdondurma.com.tr\/wp-content\/uploads\/2024\/03\/getir-35x35.png 35w, https:\/\/www.golfdondurma.com.tr\/wp-content\/uploads\/2024\/03\/getir-42x42.png 42w, https:\/\/www.golfdondurma.com.tr\/wp-content\/uploads\/2024\/03\/getir-32x32.png 32w, https:\/\/www.golfdondurma.com.tr\/wp-content\/uploads\/2024\/03\/getir-36x36.png 36w, https:\/\/www.golfdondurma.com.tr\/wp-content\/uploads\/2024\/03\/getir.png 1000w\" sizes=\"(max-width: 30px) 100vw, 30px\" \/>\t\t\t\t\t<\/div>\n<\/p><\/div>\n<\/p><\/div>\n<\/p><\/div>\n<\/p><\/div>\n<div class=\"elementor-column elementor-col-50 elementor-inner-column elementor-element elementor-element-530934b\" data-id=\"530934b\" data-element_type=\"column\" data-e-type=\"column\">\n<div class=\"elementor-widget-wrap elementor-element-populated\">\n<div class=\"elementor-element elementor-element-8727bcc elementor-align-right elementor-widget elementor-widget-elementskit-button\" data-id=\"8727bcc\" data-element_type=\"widget\" data-e-type=\"widget\" data-widget_type=\"elementskit-button.default\">\n<div class=\"ekit-wid-con\" >\n<div class=\"ekit-btn-wraper\">\n\t\t\t\t\t\t\t<a href=\"https:\/\/www.golfdondurma.com.tr\/en\/dGXc9\/\" class=\"elementskit-btn  whitespace--normal\" id=\"\"><br \/>\n\t\t\t\t\t<i class=\"icon icon-shopping-basket\"><\/i>BUY\t\t\t\t<\/a>\n\t\t\t\t\t<\/div>\n<\/p><\/div>\n<\/p><\/div>\n<\/p><\/div>\n<\/p><\/div>\n<\/p><\/div>\n<\/section>\n<section class=\"elementor-section elementor-inner-section elementor-element elementor-element-2164224 elementor-section-full_width elementor-section-height-default elementor-section-height-default\" data-id=\"2164224\" data-element_type=\"section\" data-e-type=\"section\">\n<div class=\"elementor-container elementor-column-gap-default\">\n<div class=\"elementor-column elementor-col-50 elementor-inner-column elementor-element elementor-element-0bd98fb\" data-id=\"0bd98fb\" data-element_type=\"column\" data-e-type=\"column\">\n<div class=\"elementor-widget-wrap elementor-element-populated\">\n<div class=\"elementor-element elementor-element-de6f4fe elementor-widget__width-initial elementor-widget elementor-widget-wd_image_or_svg\" data-id=\"de6f4fe\" data-element_type=\"widget\" data-e-type=\"widget\" data-widget_type=\"wd_image_or_svg.default\">\n<div class=\"elementor-widget-container\">\n<div class=\"wd-image text-center\">\n\t\t\t\t\t\t\t\t<img width=\"30\" height=\"30\" src=\"https:\/\/www.golfdondurma.com.tr\/wp-content\/uploads\/2025\/08\/migros-1-30x30.png\" class=\"attachment-30x30 size-30x30\" alt=\"\" decoding=\"async\" srcset=\"https:\/\/www.golfdondurma.com.tr\/wp-content\/uploads\/2025\/08\/migros-1-30x30.png 30w, https:\/\/www.golfdondurma.com.tr\/wp-content\/uploads\/2025\/08\/migros-1-42x42.png 42w, https:\/\/www.golfdondurma.com.tr\/wp-content\/uploads\/2025\/08\/migros-1-32x32.png 32w, https:\/\/www.golfdondurma.com.tr\/wp-content\/uploads\/2025\/08\/migros-1-22x22.png 22w, https:\/\/www.golfdondurma.com.tr\/wp-content\/uploads\/2025\/08\/migros-1-36x36.png 36w, https:\/\/www.golfdondurma.com.tr\/wp-content\/uploads\/2025\/08\/migros-1.png 100w\" sizes=\"(max-width: 30px) 100vw, 30px\" \/>\t\t\t\t\t<\/div>\n<\/p><\/div>\n<\/p><\/div>\n<\/p><\/div>\n<\/p><\/div>\n<div class=\"elementor-column elementor-col-50 elementor-inner-column elementor-element elementor-element-5c485f4\" data-id=\"5c485f4\" data-element_type=\"column\" data-e-type=\"column\">\n<div class=\"elementor-widget-wrap elementor-element-populated\">\n<div class=\"elementor-element elementor-element-74e95c0 elementor-align-right elementor-widget elementor-widget-elementskit-button\" data-id=\"74e95c0\" data-element_type=\"widget\" data-e-type=\"widget\" data-widget_type=\"elementskit-button.default\">\n<div class=\"ekit-wid-con\" >\n<div class=\"ekit-btn-wraper\">\n\t\t\t\t\t\t\t<a href=\"https:\/\/www.golfdondurma.com.tr\/en\/JLhva\/\" class=\"elementskit-btn  whitespace--normal\" id=\"\"><br \/>\n\t\t\t\t\t<i class=\"icon icon-shopping-basket\"><\/i>BUY\t\t\t\t<\/a>\n\t\t\t\t\t<\/div>\n<\/p><\/div>\n<\/p><\/div>\n<\/p><\/div>\n<\/p><\/div>\n<\/p><\/div>\n<\/section>\n<section class=\"elementor-section elementor-inner-section elementor-element elementor-element-c84976c elementor-section-full_width elementor-section-height-default elementor-section-height-default\" data-id=\"c84976c\" data-element_type=\"section\" data-e-type=\"section\">\n<div class=\"elementor-container elementor-column-gap-default\">\n<div class=\"elementor-column elementor-col-50 elementor-inner-column elementor-element elementor-element-9ff1898\" data-id=\"9ff1898\" data-element_type=\"column\" data-e-type=\"column\">\n<div class=\"elementor-widget-wrap elementor-element-populated\">\n<div class=\"elementor-element elementor-element-85a811a elementor-widget__width-initial elementor-widget elementor-widget-wd_image_or_svg\" data-id=\"85a811a\" data-element_type=\"widget\" data-e-type=\"widget\" data-widget_type=\"wd_image_or_svg.default\">\n<div class=\"elementor-widget-container\">\n<div class=\"wd-image text-center\">\n\t\t\t\t\t\t\t\t<img decoding=\"async\"  src=\"https:\/\/www.golfdondurma.com.tr\/wp-content\/uploads\/2024\/01\/sok.svg\" title=\"shock\" loading=\"lazy\" width=\"30\" height=\"30\">\t\t\t\t\t<\/div>\n<\/p><\/div>\n<\/p><\/div>\n<\/p><\/div>\n<\/p><\/div>\n<div class=\"elementor-column elementor-col-50 elementor-inner-column elementor-element elementor-element-8a03212\" data-id=\"8a03212\" data-element_type=\"column\" data-e-type=\"column\">\n<div class=\"elementor-widget-wrap elementor-element-populated\">\n<div class=\"elementor-element elementor-element-b19ff06 elementor-align-right elementor-widget elementor-widget-elementskit-button\" data-id=\"b19ff06\" data-element_type=\"widget\" data-e-type=\"widget\" data-widget_type=\"elementskit-button.default\">\n<div class=\"ekit-wid-con\" >\n<div class=\"ekit-btn-wraper\">\n\t\t\t\t\t\t\t<a href=\"https:\/\/www.golfdondurma.com.tr\/en\/bIf2X\/\" class=\"elementskit-btn  whitespace--normal\" id=\"\"><br \/>\n\t\t\t\t\t<i class=\"icon icon-shopping-basket\"><\/i>BUY\t\t\t\t<\/a>\n\t\t\t\t\t<\/div>\n<\/p><\/div>\n<\/p><\/div>\n<\/p><\/div>\n<\/p><\/div>\n<\/p><\/div>\n<\/section><\/div>","protected":false},"featured_media":35710,"comment_status":"closed","ping_status":"closed","template":"","meta":[],"product_brand":[196],"product_cat":[20],"product_tag":[],"class_list":{"0":"post-31523","1":"product","2":"type-product","3":"status-publish","4":"has-post-thumbnail","6":"product_brand-marasim","7":"product_cat-golf-marasim","9":"first","10":"instock","11":"shipping-taxable","12":"product-type-simple"},"_links":{"self":[{"href":"https:\/\/www.golfdondurma.com.tr\/en\/wp-json\/wp\/v2\/product\/31523","targetHints":{"allow":["GET"]}}],"collection":[{"href":"https:\/\/www.golfdondurma.com.tr\/en\/wp-json\/wp\/v2\/product"}],"about":[{"href":"https:\/\/www.golfdondurma.com.tr\/en\/wp-json\/wp\/v2\/types\/product"}],"replies":[{"embeddable":true,"href":"https:\/\/www.golfdondurma.com.tr\/en\/wp-json\/wp\/v2\/comments?post=31523"}],"wp:featuredmedia":[{"embeddable":true,"href":"https:\/\/www.golfdondurma.com.tr\/en\/wp-json\/wp\/v2\/media\/35710"}],"wp:attachment":[{"href":"https:\/\/www.golfdondurma.com.tr\/en\/wp-json\/wp\/v2\/media?parent=31523"}],"wp:term":[{"taxonomy":"product_brand","embeddable":true,"href":"https:\/\/www.golfdondurma.com.tr\/en\/wp-json\/wp\/v2\/product_brand?post=31523"},{"taxonomy":"product_cat","embeddable":true,"href":"https:\/\/www.golfdondurma.com.tr\/en\/wp-json\/wp\/v2\/product_cat?post=31523"},{"taxonomy":"product_tag","embeddable":true,"href":"https:\/\/www.golfdondurma.com.tr\/en\/wp-json\/wp\/v2\/product_tag?post=31523"}],"curies":[{"name":"wp","href":"https:\/\/api.w.org\/{rel}","templated":true}]}}