{"id":31530,"date":"2025-06-30T17:50:04","date_gmt":"2025-06-30T14:50:04","guid":{"rendered":"https:\/\/www.golfdondurma.com.tr\/?post_type=product&#038;p=31530"},"modified":"2026-01-02T09:59:22","modified_gmt":"2026-01-02T06:59:22","slug":"golf-marasim-plain-milky-500-ml","status":"publish","type":"product","link":"https:\/\/www.golfdondurma.com.tr\/en\/product\/golf-marasim-plain-milky-500-ml\/","title":{"rendered":"Golf Mara\u015f\u0131m %81 S\u00fctl\u00fc Sade 500 mL"},"content":{"rendered":"","protected":false},"excerpt":{"rendered":"<p><span style=\"font-weight: 400;\">Enjoy this delicious treat from Kahramanmara\u015f, whether you eat it by the slice or with a spoon! And it&#039;s a recipient of the Superior Taste Award!<\/span><\/p>\n<link rel=\"stylesheet\" id=\"elementor-post-32666-css\" href=\"https:\/\/www.golfdondurma.com.tr\/wp-content\/uploads\/elementor\/css\/post-32666.css?ver=1775578444\" type=\"text\/css\" media=\"all\">\n<div data-elementor-type=\"wp-post\" data-elementor-id=\"32666\" class=\"elementor elementor-32666\">\n<section class=\"elementor-section elementor-inner-section elementor-element elementor-element-a463ee8 elementor-section-boxed elementor-section-height-default elementor-section-height-default\" data-id=\"a463ee8\" data-element_type=\"section\" data-e-type=\"section\">\n<div class=\"elementor-container elementor-column-gap-default\">\n<div class=\"elementor-column elementor-col-50 elementor-inner-column elementor-element elementor-element-7eb1ffe\" data-id=\"7eb1ffe\" data-element_type=\"column\" data-e-type=\"column\">\n<div class=\"elementor-widget-wrap elementor-element-populated\">\n<div class=\"elementor-element elementor-element-1bd1ef8 elementor-widget__width-initial elementor-widget elementor-widget-wd_image_or_svg\" data-id=\"1bd1ef8\" data-element_type=\"widget\" data-e-type=\"widget\" data-widget_type=\"wd_image_or_svg.default\">\n<div class=\"elementor-widget-container\">\n<div class=\"wd-image text-center\">\n\t\t\t\t\t\t\t\t<img width=\"30\" height=\"30\" src=\"https:\/\/www.golfdondurma.com.tr\/wp-content\/uploads\/2024\/03\/getir-30x30.png\" class=\"attachment-30x30 size-30x30\" alt=\"\" decoding=\"async\" srcset=\"https:\/\/www.golfdondurma.com.tr\/wp-content\/uploads\/2024\/03\/getir-30x30.png 30w, https:\/\/www.golfdondurma.com.tr\/wp-content\/uploads\/2024\/03\/getir-300x300.png 300w, https:\/\/www.golfdondurma.com.tr\/wp-content\/uploads\/2024\/03\/getir-800x800.png 800w, https:\/\/www.golfdondurma.com.tr\/wp-content\/uploads\/2024\/03\/getir-150x150.png 150w, https:\/\/www.golfdondurma.com.tr\/wp-content\/uploads\/2024\/03\/getir-768x768.png 768w, https:\/\/www.golfdondurma.com.tr\/wp-content\/uploads\/2024\/03\/getir-50x50.png 50w, https:\/\/www.golfdondurma.com.tr\/wp-content\/uploads\/2024\/03\/getir-35x35.png 35w, https:\/\/www.golfdondurma.com.tr\/wp-content\/uploads\/2024\/03\/getir-42x42.png 42w, https:\/\/www.golfdondurma.com.tr\/wp-content\/uploads\/2024\/03\/getir-32x32.png 32w, https:\/\/www.golfdondurma.com.tr\/wp-content\/uploads\/2024\/03\/getir-36x36.png 36w, https:\/\/www.golfdondurma.com.tr\/wp-content\/uploads\/2024\/03\/getir.png 1000w\" sizes=\"(max-width: 30px) 100vw, 30px\" \/>\t\t\t\t\t<\/div>\n<\/p><\/div>\n<\/p><\/div>\n<\/p><\/div>\n<\/p><\/div>\n<div class=\"elementor-column elementor-col-50 elementor-inner-column elementor-element elementor-element-530934b\" data-id=\"530934b\" data-element_type=\"column\" data-e-type=\"column\">\n<div class=\"elementor-widget-wrap elementor-element-populated\">\n<div class=\"elementor-element elementor-element-36e439a elementor-align-right elementor-widget elementor-widget-elementskit-button\" data-id=\"36e439a\" data-element_type=\"widget\" data-e-type=\"widget\" data-widget_type=\"elementskit-button.default\">\n<div class=\"ekit-wid-con\" >\n<div class=\"ekit-btn-wraper\">\n\t\t\t\t\t\t\t<a href=\"https:\/\/www.golfdondurma.com.tr\/en\/1JJuo\/\" class=\"elementskit-btn  whitespace--normal\" id=\"\"><br \/>\n\t\t\t\t\t<i class=\"icon icon-shopping-basket\"><\/i>BUY\t\t\t\t<\/a>\n\t\t\t\t\t<\/div>\n<\/p><\/div>\n<\/p><\/div>\n<\/p><\/div>\n<\/p><\/div>\n<\/p><\/div>\n<\/section>\n<section class=\"elementor-section elementor-inner-section elementor-element elementor-element-2164224 elementor-section-boxed elementor-section-height-default elementor-section-height-default\" data-id=\"2164224\" data-element_type=\"section\" data-e-type=\"section\">\n<div class=\"elementor-container elementor-column-gap-default\">\n<div class=\"elementor-column elementor-col-50 elementor-inner-column elementor-element elementor-element-0bd98fb\" data-id=\"0bd98fb\" data-element_type=\"column\" data-e-type=\"column\">\n<div class=\"elementor-widget-wrap elementor-element-populated\">\n<div class=\"elementor-element elementor-element-de6f4fe elementor-widget__width-initial elementor-widget elementor-widget-wd_image_or_svg\" data-id=\"de6f4fe\" data-element_type=\"widget\" data-e-type=\"widget\" data-widget_type=\"wd_image_or_svg.default\">\n<div class=\"elementor-widget-container\">\n<div class=\"wd-image text-center\">\n\t\t\t\t\t\t\t\t<img width=\"30\" height=\"30\" src=\"https:\/\/www.golfdondurma.com.tr\/wp-content\/uploads\/2025\/08\/migros-1-30x30.png\" class=\"attachment-30x30 size-30x30\" alt=\"\" decoding=\"async\" srcset=\"https:\/\/www.golfdondurma.com.tr\/wp-content\/uploads\/2025\/08\/migros-1-30x30.png 30w, https:\/\/www.golfdondurma.com.tr\/wp-content\/uploads\/2025\/08\/migros-1-42x42.png 42w, https:\/\/www.golfdondurma.com.tr\/wp-content\/uploads\/2025\/08\/migros-1-32x32.png 32w, https:\/\/www.golfdondurma.com.tr\/wp-content\/uploads\/2025\/08\/migros-1-22x22.png 22w, https:\/\/www.golfdondurma.com.tr\/wp-content\/uploads\/2025\/08\/migros-1-36x36.png 36w, https:\/\/www.golfdondurma.com.tr\/wp-content\/uploads\/2025\/08\/migros-1.png 100w\" sizes=\"(max-width: 30px) 100vw, 30px\" \/>\t\t\t\t\t<\/div>\n<\/p><\/div>\n<\/p><\/div>\n<\/p><\/div>\n<\/p><\/div>\n<div class=\"elementor-column elementor-col-50 elementor-inner-column elementor-element elementor-element-5c485f4\" data-id=\"5c485f4\" data-element_type=\"column\" data-e-type=\"column\">\n<div class=\"elementor-widget-wrap elementor-element-populated\">\n<div class=\"elementor-element elementor-element-0d729d6 elementor-align-right elementor-widget elementor-widget-elementskit-button\" data-id=\"0d729d6\" data-element_type=\"widget\" data-e-type=\"widget\" data-widget_type=\"elementskit-button.default\">\n<div class=\"ekit-wid-con\" >\n<div class=\"ekit-btn-wraper\">\n\t\t\t\t\t\t\t<a href=\"https:\/\/www.golfdondurma.com.tr\/en\/aWavU\/\" class=\"elementskit-btn  whitespace--normal\" id=\"\"><br \/>\n\t\t\t\t\t<i class=\"icon icon-shopping-basket\"><\/i>BUY\t\t\t\t<\/a>\n\t\t\t\t\t<\/div>\n<\/p><\/div>\n<\/p><\/div>\n<\/p><\/div>\n<\/p><\/div>\n<\/p><\/div>\n<\/section>\n<section class=\"elementor-section elementor-inner-section elementor-element elementor-element-80f15a9 elementor-section-boxed elementor-section-height-default elementor-section-height-default\" data-id=\"80f15a9\" data-element_type=\"section\" data-e-type=\"section\">\n<div class=\"elementor-container elementor-column-gap-default\">\n<div class=\"elementor-column elementor-col-50 elementor-inner-column elementor-element elementor-element-18cd2e9\" data-id=\"18cd2e9\" data-element_type=\"column\" data-e-type=\"column\">\n<div class=\"elementor-widget-wrap elementor-element-populated\">\n<div class=\"elementor-element elementor-element-901be21 elementor-widget__width-initial elementor-widget elementor-widget-wd_image_or_svg\" data-id=\"901be21\" data-element_type=\"widget\" data-e-type=\"widget\" data-widget_type=\"wd_image_or_svg.default\">\n<div class=\"elementor-widget-container\">\n<div class=\"wd-image text-center\">\n\t\t\t\t\t\t\t\t<img decoding=\"async\"  src=\"https:\/\/www.golfdondurma.com.tr\/wp-content\/uploads\/2024\/01\/sok.svg\" title=\"shock\" loading=\"lazy\" width=\"30\" height=\"30\">\t\t\t\t\t<\/div>\n<\/p><\/div>\n<\/p><\/div>\n<\/p><\/div>\n<\/p><\/div>\n<div class=\"elementor-column elementor-col-50 elementor-inner-column elementor-element elementor-element-41dfd0c\" data-id=\"41dfd0c\" data-element_type=\"column\" data-e-type=\"column\">\n<div class=\"elementor-widget-wrap elementor-element-populated\">\n<div class=\"elementor-element elementor-element-15f5709 elementor-align-right elementor-widget elementor-widget-elementskit-button\" data-id=\"15f5709\" data-element_type=\"widget\" data-e-type=\"widget\" data-widget_type=\"elementskit-button.default\">\n<div class=\"ekit-wid-con\" >\n<div class=\"ekit-btn-wraper\">\n\t\t\t\t\t\t\t<a href=\"https:\/\/www.golfdondurma.com.tr\/en\/ZPKyh\/\" class=\"elementskit-btn  whitespace--normal\" id=\"\"><br \/>\n\t\t\t\t\t<i class=\"icon icon-shopping-basket\"><\/i>BUY\t\t\t\t<\/a>\n\t\t\t\t\t<\/div>\n<\/p><\/div>\n<\/p><\/div>\n<\/p><\/div>\n<\/p><\/div>\n<\/p><\/div>\n<\/section><\/div>","protected":false},"featured_media":35713,"comment_status":"closed","ping_status":"closed","template":"","meta":[],"product_brand":[196],"product_cat":[20],"product_tag":[],"class_list":{"0":"post-31530","1":"product","2":"type-product","3":"status-publish","4":"has-post-thumbnail","6":"product_brand-marasim","7":"product_cat-golf-marasim","9":"first","10":"instock","11":"shipping-taxable","12":"product-type-simple"},"_links":{"self":[{"href":"https:\/\/www.golfdondurma.com.tr\/en\/wp-json\/wp\/v2\/product\/31530","targetHints":{"allow":["GET"]}}],"collection":[{"href":"https:\/\/www.golfdondurma.com.tr\/en\/wp-json\/wp\/v2\/product"}],"about":[{"href":"https:\/\/www.golfdondurma.com.tr\/en\/wp-json\/wp\/v2\/types\/product"}],"replies":[{"embeddable":true,"href":"https:\/\/www.golfdondurma.com.tr\/en\/wp-json\/wp\/v2\/comments?post=31530"}],"wp:featuredmedia":[{"embeddable":true,"href":"https:\/\/www.golfdondurma.com.tr\/en\/wp-json\/wp\/v2\/media\/35713"}],"wp:attachment":[{"href":"https:\/\/www.golfdondurma.com.tr\/en\/wp-json\/wp\/v2\/media?parent=31530"}],"wp:term":[{"taxonomy":"product_brand","embeddable":true,"href":"https:\/\/www.golfdondurma.com.tr\/en\/wp-json\/wp\/v2\/product_brand?post=31530"},{"taxonomy":"product_cat","embeddable":true,"href":"https:\/\/www.golfdondurma.com.tr\/en\/wp-json\/wp\/v2\/product_cat?post=31530"},{"taxonomy":"product_tag","embeddable":true,"href":"https:\/\/www.golfdondurma.com.tr\/en\/wp-json\/wp\/v2\/product_tag?post=31530"}],"curies":[{"name":"wp","href":"https:\/\/api.w.org\/{rel}","templated":true}]}}