{"id":31544,"date":"2025-06-30T17:57:51","date_gmt":"2025-06-30T14:57:51","guid":{"rendered":"https:\/\/www.golfdondurma.com.tr\/?post_type=product&#038;p=31544"},"modified":"2026-02-03T12:29:09","modified_gmt":"2026-02-03T09:29:09","slug":"golf-marasim-kap-sade","status":"publish","type":"product","link":"https:\/\/www.golfdondurma.com.tr\/en\/product\/golf-marasim-kap-sade\/","title":{"rendered":"Golf Mara\u015f\u0131m 81% Milk Cup Plain 100 mL"},"content":{"rendered":"","protected":false},"excerpt":{"rendered":"<p><span style=\"font-weight: 400;\">For those who enjoy scooping their ice cream, the delicious taste of Superior Taste Award-winning Golf Mara\u015f\u0131m is in a cup! Enjoy the taste of 81% milk Golf Mara\u015f\u0131m to the fullest with a spoon.<\/span><\/p>\n<link rel=\"stylesheet\" id=\"elementor-post-32613-css\" href=\"https:\/\/www.golfdondurma.com.tr\/wp-content\/uploads\/elementor\/css\/post-32613.css?ver=1778659030\" type=\"text\/css\" media=\"all\">\n<div data-elementor-type=\"wp-post\" data-elementor-id=\"32613\" class=\"elementor elementor-32613\">\n<div class=\"elementor-element elementor-element-51b02ce6 e-con-full e-flex e-con e-parent\" data-id=\"51b02ce6\" data-element_type=\"container\" data-e-type=\"container\">\n<div class=\"elementor-element elementor-element-64ec2ebb e-con-full e-flex e-con e-child\" data-id=\"64ec2ebb\" data-element_type=\"container\" data-e-type=\"container\">\n<div class=\"elementor-element elementor-element-3c55d762 elementor-widget__width-inherit elementor-widget-mobile__width-inherit elementor-widget elementor-widget-wd_image_or_svg\" data-id=\"3c55d762\" data-element_type=\"widget\" data-e-type=\"widget\" data-widget_type=\"wd_image_or_svg.default\">\n<div class=\"elementor-widget-container\">\n<div class=\"wd-image text-left\">\n\t\t\t\t\t\t\t\t<img width=\"30\" height=\"30\" src=\"https:\/\/www.golfdondurma.com.tr\/wp-content\/uploads\/2024\/03\/getir-30x30.png\" class=\"attachment-30x30 size-30x30\" alt=\"\" decoding=\"async\" loading=\"lazy\" srcset=\"https:\/\/www.golfdondurma.com.tr\/wp-content\/uploads\/2024\/03\/getir-30x30.png 30w, https:\/\/www.golfdondurma.com.tr\/wp-content\/uploads\/2024\/03\/getir-300x300.png 300w, https:\/\/www.golfdondurma.com.tr\/wp-content\/uploads\/2024\/03\/getir-800x800.png 800w, https:\/\/www.golfdondurma.com.tr\/wp-content\/uploads\/2024\/03\/getir-150x150.png 150w, https:\/\/www.golfdondurma.com.tr\/wp-content\/uploads\/2024\/03\/getir-768x768.png 768w, https:\/\/www.golfdondurma.com.tr\/wp-content\/uploads\/2024\/03\/getir-50x50.png 50w, https:\/\/www.golfdondurma.com.tr\/wp-content\/uploads\/2024\/03\/getir-35x35.png 35w, https:\/\/www.golfdondurma.com.tr\/wp-content\/uploads\/2024\/03\/getir-42x42.png 42w, https:\/\/www.golfdondurma.com.tr\/wp-content\/uploads\/2024\/03\/getir-32x32.png 32w, https:\/\/www.golfdondurma.com.tr\/wp-content\/uploads\/2024\/03\/getir-36x36.png 36w, https:\/\/www.golfdondurma.com.tr\/wp-content\/uploads\/2024\/03\/getir.png 1000w\" sizes=\"auto, (max-width: 30px) 100vw, 30px\" \/>\t\t\t\t\t<\/div>\n<\/p><\/div>\n<\/p><\/div>\n<\/p><\/div>\n<div class=\"elementor-element elementor-element-738a325 e-con-full e-flex e-con e-child\" data-id=\"738a325\" data-element_type=\"container\" data-e-type=\"container\">\n<div class=\"elementor-element elementor-element-472028f8 elementor-widget elementor-widget-qi_addons_for_elementor_button\" data-id=\"472028f8\" data-element_type=\"widget\" data-e-type=\"widget\" data-widget_type=\"qi_addons_for_elementor_button.default\">\n<div class=\"elementor-widget-container\">\n\t\t\t\t\t<a class=\"qodef-shortcode qodef-m qodef-qi-button qodef-html--link qodef-layout--filled qodef-type--standard qodef-size--small qodef-icon--left qodef-hover--icon-move-horizontal-short\" href=\"https:\/\/www.golfdondurma.com.tr\/en\/40u00i85\/\" target=\"_blank\" rel=\"nofollow\"><br \/>\n\t<span class=\"qodef-m-text\">BUY<\/span><br \/>\n\t\t<span class=\"qodef-m-icon\"><br \/>\n\t\t<span class=\"qodef-m-icon-inner\"><br \/>\n\t\t\t<i aria-hidden=\"true\" class=\"icon icon-online-shopping-cart\"><\/i>\t\t\t\t\t<\/span><br \/>\n\t<\/span><br \/>\n<\/a>\n\t\t\t\t<\/div>\n<\/p><\/div>\n<\/p><\/div>\n<\/p><\/div>\n<div class=\"elementor-element elementor-element-9b67219 e-con-full e-flex e-con e-parent\" data-id=\"9b67219\" data-element_type=\"container\" data-e-type=\"container\">\n<div class=\"elementor-element elementor-element-1cfdc7b4 e-con-full e-flex e-con e-child\" data-id=\"1cfdc7b4\" data-element_type=\"container\" data-e-type=\"container\">\n<div class=\"elementor-element elementor-element-7731f6a0 elementor-widget__width-initial elementor-widget elementor-widget-wd_image_or_svg\" data-id=\"7731f6a0\" data-element_type=\"widget\" data-e-type=\"widget\" data-widget_type=\"wd_image_or_svg.default\">\n<div class=\"elementor-widget-container\">\n<div class=\"wd-image text-left\">\n\t\t\t\t\t\t\t\t<img width=\"30\" height=\"30\" src=\"https:\/\/www.golfdondurma.com.tr\/wp-content\/uploads\/2025\/08\/migros-1-30x30.png\" class=\"attachment-30x30 size-30x30\" alt=\"\" decoding=\"async\" loading=\"lazy\" srcset=\"https:\/\/www.golfdondurma.com.tr\/wp-content\/uploads\/2025\/08\/migros-1-30x30.png 30w, https:\/\/www.golfdondurma.com.tr\/wp-content\/uploads\/2025\/08\/migros-1-42x42.png 42w, https:\/\/www.golfdondurma.com.tr\/wp-content\/uploads\/2025\/08\/migros-1-32x32.png 32w, https:\/\/www.golfdondurma.com.tr\/wp-content\/uploads\/2025\/08\/migros-1-22x22.png 22w, https:\/\/www.golfdondurma.com.tr\/wp-content\/uploads\/2025\/08\/migros-1-36x36.png 36w, https:\/\/www.golfdondurma.com.tr\/wp-content\/uploads\/2025\/08\/migros-1.png 100w\" sizes=\"auto, (max-width: 30px) 100vw, 30px\" \/>\t\t\t\t\t<\/div>\n<\/p><\/div>\n<\/p><\/div>\n<\/p><\/div>\n<div class=\"elementor-element elementor-element-5711b26c e-con-full e-flex e-con e-child\" data-id=\"5711b26c\" data-element_type=\"container\" data-e-type=\"container\">\n<div class=\"elementor-element elementor-element-25d80c38 elementor-widget elementor-widget-qi_addons_for_elementor_button\" data-id=\"25d80c38\" data-element_type=\"widget\" data-e-type=\"widget\" data-widget_type=\"qi_addons_for_elementor_button.default\">\n<div class=\"elementor-widget-container\">\n\t\t\t\t\t<a class=\"qodef-shortcode qodef-m qodef-qi-button qodef-html--link qodef-layout--filled qodef-type--standard qodef-size--small qodef-icon--left qodef-hover--icon-move-horizontal-short\" href=\"https:\/\/www.golfdondurma.com.tr\/en\/gzirrsf0m\/\" target=\"_blank\" rel=\"nofollow\"><br \/>\n\t<span class=\"qodef-m-text\">BUY<\/span><br \/>\n\t\t<span class=\"qodef-m-icon\"><br \/>\n\t\t<span class=\"qodef-m-icon-inner\"><br \/>\n\t\t\t<i aria-hidden=\"true\" class=\"icon icon-online-shopping-cart\"><\/i>\t\t\t\t\t<\/span><br \/>\n\t<\/span><br \/>\n<\/a>\n\t\t\t\t<\/div>\n<\/p><\/div>\n<\/p><\/div>\n<\/p><\/div>\n<div class=\"elementor-element elementor-element-10aa4868 e-con-full e-flex e-con e-parent\" data-id=\"10aa4868\" data-element_type=\"container\" data-e-type=\"container\">\n<div class=\"elementor-element elementor-element-67451ca6 e-con-full e-flex e-con e-child\" data-id=\"67451ca6\" data-element_type=\"container\" data-e-type=\"container\">\n<div class=\"elementor-element elementor-element-58006738 elementor-widget__width-initial elementor-widget elementor-widget-wd_image_or_svg\" data-id=\"58006738\" data-element_type=\"widget\" data-e-type=\"widget\" data-widget_type=\"wd_image_or_svg.default\">\n<div class=\"elementor-widget-container\">\n<div class=\"wd-image text-left\">\n\t\t\t\t\t\t\t\t<img decoding=\"async\"  src=\"https:\/\/www.golfdondurma.com.tr\/wp-content\/uploads\/2024\/01\/sok.svg\" title=\"shock\" loading=\"lazy\" width=\"30\" height=\"30\">\t\t\t\t\t<\/div>\n<\/p><\/div>\n<\/p><\/div>\n<\/p><\/div>\n<div class=\"elementor-element elementor-element-3aa4d61e e-con-full e-flex e-con e-child\" data-id=\"3aa4d61e\" data-element_type=\"container\" data-e-type=\"container\">\n<div class=\"elementor-element elementor-element-b37532 elementor-widget elementor-widget-qi_addons_for_elementor_button\" data-id=\"b37532\" data-element_type=\"widget\" data-e-type=\"widget\" data-widget_type=\"qi_addons_for_elementor_button.default\">\n<div class=\"elementor-widget-container\">\n\t\t\t\t\t<a class=\"qodef-shortcode qodef-m qodef-qi-button qodef-html--link qodef-layout--filled qodef-type--standard qodef-size--small qodef-icon--left qodef-hover--icon-move-horizontal-short\" href=\"https:\/\/www.golfdondurma.com.tr\/en\/qz6aco6gl\/\" target=\"_blank\" rel=\"nofollow\"><br \/>\n\t<span class=\"qodef-m-text\">BUY<\/span><br \/>\n\t\t<span class=\"qodef-m-icon\"><br \/>\n\t\t<span class=\"qodef-m-icon-inner\"><br \/>\n\t\t\t<i aria-hidden=\"true\" class=\"icon icon-online-shopping-cart\"><\/i>\t\t\t\t\t<\/span><br \/>\n\t<\/span><br \/>\n<\/a>\n\t\t\t\t<\/div>\n<\/p><\/div>\n<\/p><\/div>\n<\/p><\/div>\n<\/p><\/div>","protected":false},"featured_media":35917,"comment_status":"closed","ping_status":"closed","template":"","meta":[],"product_brand":[196],"product_cat":[20],"product_tag":[],"class_list":{"0":"post-31544","1":"product","2":"type-product","3":"status-publish","4":"has-post-thumbnail","6":"product_brand-marasim","7":"product_cat-golf-marasim","9":"first","10":"instock","11":"shipping-taxable","12":"product-type-simple"},"_links":{"self":[{"href":"https:\/\/www.golfdondurma.com.tr\/en\/wp-json\/wp\/v2\/product\/31544","targetHints":{"allow":["GET"]}}],"collection":[{"href":"https:\/\/www.golfdondurma.com.tr\/en\/wp-json\/wp\/v2\/product"}],"about":[{"href":"https:\/\/www.golfdondurma.com.tr\/en\/wp-json\/wp\/v2\/types\/product"}],"replies":[{"embeddable":true,"href":"https:\/\/www.golfdondurma.com.tr\/en\/wp-json\/wp\/v2\/comments?post=31544"}],"wp:featuredmedia":[{"embeddable":true,"href":"https:\/\/www.golfdondurma.com.tr\/en\/wp-json\/wp\/v2\/media\/35917"}],"wp:attachment":[{"href":"https:\/\/www.golfdondurma.com.tr\/en\/wp-json\/wp\/v2\/media?parent=31544"}],"wp:term":[{"taxonomy":"product_brand","embeddable":true,"href":"https:\/\/www.golfdondurma.com.tr\/en\/wp-json\/wp\/v2\/product_brand?post=31544"},{"taxonomy":"product_cat","embeddable":true,"href":"https:\/\/www.golfdondurma.com.tr\/en\/wp-json\/wp\/v2\/product_cat?post=31544"},{"taxonomy":"product_tag","embeddable":true,"href":"https:\/\/www.golfdondurma.com.tr\/en\/wp-json\/wp\/v2\/product_tag?post=31544"}],"curies":[{"name":"wp","href":"https:\/\/api.w.org\/{rel}","templated":true}]}}