{"id":31558,"date":"2025-07-01T09:33:06","date_gmt":"2025-07-01T06:33:06","guid":{"rendered":"https:\/\/www.golfdondurma.com.tr\/?post_type=product&#038;p=31558"},"modified":"2026-01-28T16:08:06","modified_gmt":"2026-01-28T13:08:06","slug":"golf-fantasia-chocolate","status":"publish","type":"product","link":"https:\/\/www.golfdondurma.com.tr\/en\/product\/golf-fantasia-chocolate\/","title":{"rendered":"Golf Fantasia Chocolate"},"content":{"rendered":"","protected":false},"excerpt":{"rendered":"<p>Kaliteli nefis lezzetiyle \u00e7ikolatal\u0131 severlerin favori k\u00fclah\u0131! Kremsi dokusu, enfes \u00e7ikolatas\u0131 ve \u00e7ikolata par\u00e7alar\u0131yla hem g\u00f6ze hem dama\u011fa hitap eden lezzet. Dondurmay\u0131 k\u00fclahta sevenlere Golf Fantasia.<\/p>\n<link rel=\"stylesheet\" id=\"elementor-post-33012-css\" href=\"https:\/\/www.golfdondurma.com.tr\/wp-content\/uploads\/elementor\/css\/post-33012.css?ver=1774938708\" type=\"text\/css\" media=\"all\">\n<div data-elementor-type=\"wp-post\" data-elementor-id=\"33012\" class=\"elementor elementor-33012\">\n<section class=\"elementor-section elementor-inner-section elementor-element elementor-element-a463ee8 elementor-section-boxed elementor-section-height-default elementor-section-height-default\" data-id=\"a463ee8\" data-element_type=\"section\" data-e-type=\"section\">\n<div class=\"elementor-container elementor-column-gap-default\">\n<div class=\"elementor-column elementor-col-50 elementor-inner-column elementor-element elementor-element-7eb1ffe\" data-id=\"7eb1ffe\" data-element_type=\"column\" data-e-type=\"column\">\n<div class=\"elementor-widget-wrap elementor-element-populated\">\n<div class=\"elementor-element elementor-element-1bd1ef8 elementor-widget__width-initial elementor-widget elementor-widget-wd_image_or_svg\" data-id=\"1bd1ef8\" data-element_type=\"widget\" data-e-type=\"widget\" data-widget_type=\"wd_image_or_svg.default\">\n<div class=\"elementor-widget-container\">\n<div class=\"wd-image text-center\">\n\t\t\t\t\t\t\t\t<img width=\"30\" height=\"30\" src=\"https:\/\/www.golfdondurma.com.tr\/wp-content\/uploads\/2024\/03\/getir-30x30.png\" class=\"attachment-30x30 size-30x30\" alt=\"\" decoding=\"async\" srcset=\"https:\/\/www.golfdondurma.com.tr\/wp-content\/uploads\/2024\/03\/getir-30x30.png 30w, https:\/\/www.golfdondurma.com.tr\/wp-content\/uploads\/2024\/03\/getir-300x300.png 300w, https:\/\/www.golfdondurma.com.tr\/wp-content\/uploads\/2024\/03\/getir-800x800.png 800w, https:\/\/www.golfdondurma.com.tr\/wp-content\/uploads\/2024\/03\/getir-150x150.png 150w, https:\/\/www.golfdondurma.com.tr\/wp-content\/uploads\/2024\/03\/getir-768x768.png 768w, https:\/\/www.golfdondurma.com.tr\/wp-content\/uploads\/2024\/03\/getir-50x50.png 50w, https:\/\/www.golfdondurma.com.tr\/wp-content\/uploads\/2024\/03\/getir-35x35.png 35w, https:\/\/www.golfdondurma.com.tr\/wp-content\/uploads\/2024\/03\/getir-42x42.png 42w, https:\/\/www.golfdondurma.com.tr\/wp-content\/uploads\/2024\/03\/getir-32x32.png 32w, https:\/\/www.golfdondurma.com.tr\/wp-content\/uploads\/2024\/03\/getir-36x36.png 36w, https:\/\/www.golfdondurma.com.tr\/wp-content\/uploads\/2024\/03\/getir.png 1000w\" sizes=\"(max-width: 30px) 100vw, 30px\" \/>\t\t\t\t\t<\/div>\n<\/p><\/div>\n<\/p><\/div>\n<\/p><\/div>\n<\/p><\/div>\n<div class=\"elementor-column elementor-col-50 elementor-inner-column elementor-element elementor-element-530934b\" data-id=\"530934b\" data-element_type=\"column\" data-e-type=\"column\">\n<div class=\"elementor-widget-wrap elementor-element-populated\">\n<div class=\"elementor-element elementor-element-aac86c6 elementor-align-right elementor-widget elementor-widget-elementskit-button\" data-id=\"aac86c6\" data-element_type=\"widget\" data-e-type=\"widget\" data-widget_type=\"elementskit-button.default\">\n<div class=\"ekit-wid-con\" >\n<div class=\"ekit-btn-wraper\">\n\t\t\t\t\t\t\t<a href=\"http:\/\/[html_block%20id=33012]\" class=\"elementskit-btn  whitespace--normal\" id=\"\"><br \/>\n\t\t\t\t\t<i class=\"icon icon-shopping-basket\"><\/i>SATIN AL\t\t\t\t<\/a>\n\t\t\t\t\t<\/div>\n<\/p><\/div>\n<\/p><\/div>\n<\/p><\/div>\n<\/p><\/div>\n<\/p><\/div>\n<\/section><\/div>\n","protected":false},"featured_media":33014,"comment_status":"closed","ping_status":"closed","template":"","meta":[],"product_brand":[201],"product_cat":[202],"product_tag":[],"class_list":{"0":"post-31558","1":"product","2":"type-product","3":"status-publish","4":"has-post-thumbnail","6":"product_brand-fantasia","7":"product_cat-golf-fantasia","9":"first","10":"instock","11":"shipping-taxable","12":"product-type-simple"},"_links":{"self":[{"href":"https:\/\/www.golfdondurma.com.tr\/en\/wp-json\/wp\/v2\/product\/31558","targetHints":{"allow":["GET"]}}],"collection":[{"href":"https:\/\/www.golfdondurma.com.tr\/en\/wp-json\/wp\/v2\/product"}],"about":[{"href":"https:\/\/www.golfdondurma.com.tr\/en\/wp-json\/wp\/v2\/types\/product"}],"replies":[{"embeddable":true,"href":"https:\/\/www.golfdondurma.com.tr\/en\/wp-json\/wp\/v2\/comments?post=31558"}],"wp:featuredmedia":[{"embeddable":true,"href":"https:\/\/www.golfdondurma.com.tr\/en\/wp-json\/wp\/v2\/media\/33014"}],"wp:attachment":[{"href":"https:\/\/www.golfdondurma.com.tr\/en\/wp-json\/wp\/v2\/media?parent=31558"}],"wp:term":[{"taxonomy":"product_brand","embeddable":true,"href":"https:\/\/www.golfdondurma.com.tr\/en\/wp-json\/wp\/v2\/product_brand?post=31558"},{"taxonomy":"product_cat","embeddable":true,"href":"https:\/\/www.golfdondurma.com.tr\/en\/wp-json\/wp\/v2\/product_cat?post=31558"},{"taxonomy":"product_tag","embeddable":true,"href":"https:\/\/www.golfdondurma.com.tr\/en\/wp-json\/wp\/v2\/product_tag?post=31558"}],"curies":[{"name":"wp","href":"https:\/\/api.w.org\/{rel}","templated":true}]}}