{"id":35726,"date":"2026-01-02T11:36:39","date_gmt":"2026-01-02T08:36:39","guid":{"rendered":"https:\/\/www.golfdondurma.com.tr\/?post_type=product&#038;p=35726"},"modified":"2026-04-10T16:50:41","modified_gmt":"2026-04-10T13:50:41","slug":"golf-marasim-kaymaklim-cocoa-cream-500-ml","status":"publish","type":"product","link":"https:\/\/www.golfdondurma.com.tr\/en\/product\/golf-marasim-kaymaklim-cocoa-cream-500-ml\/","title":{"rendered":"Golf Mara\u015f\u0131m Kaymakl\u0131m Cocoa-Cream 500 mL"},"content":{"rendered":"","protected":false},"excerpt":{"rendered":"<p>Golf Mara\u015f\u0131m Kaymakl\u0131m Cocoa-Cream offers a rich taste by combining the flavor of clotted cream with cocoa. Its stretchy texture and ball-shaped form add an appetizing touch to every serving.<\/p>","protected":false},"featured_media":35727,"comment_status":"closed","ping_status":"closed","template":"","meta":[],"product_brand":[236],"product_cat":[235],"product_tag":[],"class_list":{"0":"post-35726","1":"product","2":"type-product","3":"status-publish","4":"has-post-thumbnail","6":"product_brand-kaymaklim","7":"product_cat-golf-kaymaklim","9":"first","10":"instock","11":"shipping-taxable","12":"product-type-simple"},"_links":{"self":[{"href":"https:\/\/www.golfdondurma.com.tr\/en\/wp-json\/wp\/v2\/product\/35726","targetHints":{"allow":["GET"]}}],"collection":[{"href":"https:\/\/www.golfdondurma.com.tr\/en\/wp-json\/wp\/v2\/product"}],"about":[{"href":"https:\/\/www.golfdondurma.com.tr\/en\/wp-json\/wp\/v2\/types\/product"}],"replies":[{"embeddable":true,"href":"https:\/\/www.golfdondurma.com.tr\/en\/wp-json\/wp\/v2\/comments?post=35726"}],"wp:featuredmedia":[{"embeddable":true,"href":"https:\/\/www.golfdondurma.com.tr\/en\/wp-json\/wp\/v2\/media\/35727"}],"wp:attachment":[{"href":"https:\/\/www.golfdondurma.com.tr\/en\/wp-json\/wp\/v2\/media?parent=35726"}],"wp:term":[{"taxonomy":"product_brand","embeddable":true,"href":"https:\/\/www.golfdondurma.com.tr\/en\/wp-json\/wp\/v2\/product_brand?post=35726"},{"taxonomy":"product_cat","embeddable":true,"href":"https:\/\/www.golfdondurma.com.tr\/en\/wp-json\/wp\/v2\/product_cat?post=35726"},{"taxonomy":"product_tag","embeddable":true,"href":"https:\/\/www.golfdondurma.com.tr\/en\/wp-json\/wp\/v2\/product_tag?post=35726"}],"curies":[{"name":"wp","href":"https:\/\/api.w.org\/{rel}","templated":true}]}}