{"id":35969,"date":"2026-01-19T14:55:04","date_gmt":"2026-01-19T11:55:04","guid":{"rendered":"https:\/\/www.golfdondurma.com.tr\/?post_type=product&#038;p=35969"},"modified":"2026-04-10T14:28:01","modified_gmt":"2026-04-10T11:28:01","slug":"golf-minimo-strawberry-and-chocolate","status":"publish","type":"product","link":"https:\/\/www.golfdondurma.com.tr\/en\/product\/golf-minimo-strawberry-and-chocolate\/","title":{"rendered":"Golf Minimo Strawberry and Chocolate"},"content":{"rendered":"","protected":false},"excerpt":{"rendered":"<p>Golf Minimo, %15 s\u00fctl\u00fc i\u00e7eri\u011fiyle \u00e7ilekli ve \u00e7ikolatal\u0131 dondurmas\u0131n\u0131 tek \u00e7ubukta bulu\u015fturarak \u00e7ocuklara e\u011flenceli bir deneyim sunar. \u0130\u00e7eri\u011findeki D vitamini ve kalsiyum ile ebeveynlere g\u00fcven verirken, lezzetiyle de \u00e7ocuklar\u0131n favorisi olmaya aday.<\/p>","protected":false},"featured_media":35970,"comment_status":"closed","ping_status":"closed","template":"","meta":[],"product_brand":[244],"product_cat":[241],"product_tag":[],"class_list":{"0":"post-35969","1":"product","2":"type-product","3":"status-publish","4":"has-post-thumbnail","6":"product_brand-golf-minimo","7":"product_cat-golf-minimo","9":"first","10":"instock","11":"shipping-taxable","12":"product-type-simple"},"_links":{"self":[{"href":"https:\/\/www.golfdondurma.com.tr\/en\/wp-json\/wp\/v2\/product\/35969","targetHints":{"allow":["GET"]}}],"collection":[{"href":"https:\/\/www.golfdondurma.com.tr\/en\/wp-json\/wp\/v2\/product"}],"about":[{"href":"https:\/\/www.golfdondurma.com.tr\/en\/wp-json\/wp\/v2\/types\/product"}],"replies":[{"embeddable":true,"href":"https:\/\/www.golfdondurma.com.tr\/en\/wp-json\/wp\/v2\/comments?post=35969"}],"wp:featuredmedia":[{"embeddable":true,"href":"https:\/\/www.golfdondurma.com.tr\/en\/wp-json\/wp\/v2\/media\/35970"}],"wp:attachment":[{"href":"https:\/\/www.golfdondurma.com.tr\/en\/wp-json\/wp\/v2\/media?parent=35969"}],"wp:term":[{"taxonomy":"product_brand","embeddable":true,"href":"https:\/\/www.golfdondurma.com.tr\/en\/wp-json\/wp\/v2\/product_brand?post=35969"},{"taxonomy":"product_cat","embeddable":true,"href":"https:\/\/www.golfdondurma.com.tr\/en\/wp-json\/wp\/v2\/product_cat?post=35969"},{"taxonomy":"product_tag","embeddable":true,"href":"https:\/\/www.golfdondurma.com.tr\/en\/wp-json\/wp\/v2\/product_tag?post=35969"}],"curies":[{"name":"wp","href":"https:\/\/api.w.org\/{rel}","templated":true}]}}