{"id":37747,"date":"2026-04-01T09:35:54","date_gmt":"2026-04-01T06:35:54","guid":{"rendered":"https:\/\/www.golfdondurma.com.tr\/?post_type=product&#038;p=37747"},"modified":"2026-04-07T09:26:42","modified_gmt":"2026-04-07T06:26:42","slug":"golf-ulker-cokokrem","status":"publish","type":"product","link":"https:\/\/www.golfdondurma.com.tr\/en\/product\/golf-ulker-cokokrem\/","title":{"rendered":"Golf \u00dclker \u00c7okokrem"},"content":{"rendered":"<p>Golf \u00dclker \u00c7okokrem Sandwich combines the beloved flavors of cocoa and hazelnuts. The harmony of cocoa and hazelnuts, combined with Golf Ice Cream quality, offers a balanced and enjoyable taste in every bite.<\/p>","protected":false},"excerpt":{"rendered":"<p>Golf \u00dclker \u00c7okokrem Sandwich combines the beloved flavors of cocoa and hazelnuts. The harmony of cocoa and hazelnuts, combined with Golf Ice Cream quality, offers a balanced and enjoyable taste in every bite.<\/p>","protected":false},"featured_media":37751,"comment_status":"closed","ping_status":"closed","template":"","meta":[],"product_brand":[238],"product_cat":[237],"product_tag":[],"class_list":{"0":"post-37747","1":"product","2":"type-product","3":"status-publish","4":"has-post-thumbnail","6":"product_brand-golf-ulker","7":"product_cat-golf-ulker","9":"first","10":"instock","11":"shipping-taxable","12":"product-type-simple"},"_links":{"self":[{"href":"https:\/\/www.golfdondurma.com.tr\/en\/wp-json\/wp\/v2\/product\/37747","targetHints":{"allow":["GET"]}}],"collection":[{"href":"https:\/\/www.golfdondurma.com.tr\/en\/wp-json\/wp\/v2\/product"}],"about":[{"href":"https:\/\/www.golfdondurma.com.tr\/en\/wp-json\/wp\/v2\/types\/product"}],"replies":[{"embeddable":true,"href":"https:\/\/www.golfdondurma.com.tr\/en\/wp-json\/wp\/v2\/comments?post=37747"}],"wp:featuredmedia":[{"embeddable":true,"href":"https:\/\/www.golfdondurma.com.tr\/en\/wp-json\/wp\/v2\/media\/37751"}],"wp:attachment":[{"href":"https:\/\/www.golfdondurma.com.tr\/en\/wp-json\/wp\/v2\/media?parent=37747"}],"wp:term":[{"taxonomy":"product_brand","embeddable":true,"href":"https:\/\/www.golfdondurma.com.tr\/en\/wp-json\/wp\/v2\/product_brand?post=37747"},{"taxonomy":"product_cat","embeddable":true,"href":"https:\/\/www.golfdondurma.com.tr\/en\/wp-json\/wp\/v2\/product_cat?post=37747"},{"taxonomy":"product_tag","embeddable":true,"href":"https:\/\/www.golfdondurma.com.tr\/en\/wp-json\/wp\/v2\/product_tag?post=37747"}],"curies":[{"name":"wp","href":"https:\/\/api.w.org\/{rel}","templated":true}]}}